{"id":888,"date":"2012-08-24T12:39:56","date_gmt":"2012-08-24T10:39:56","guid":{"rendered":"http:\/\/www.koan-solution.de\/de\/?page_id=888"},"modified":"2026-01-08T12:44:50","modified_gmt":"2026-01-08T11:44:50","slug":"webinare","status":"publish","type":"page","link":"https:\/\/www.koan-solution.de\/de\/webinare\/","title":{"rendered":"Webinare"},"content":{"rendered":"<p class=\"workshop\">Wir bieten regelm\u00e4\u00dfig kostenfreie Webinare zu unseren Themenschwerpunkten an.<\/p>\n<h2 class=\"workshop\">SAP Formulare optimieren \u2013 Wartungskosten senken<\/h2>\n<p>Mit diesem Event sprechen wir Entscheider und Entwickler an, die Interesse an einer Optimierung ihrer derzeitigen SAP Formularlandschaft haben, unabh\u00e4ngig davon, ob f\u00fcr die Realisierung des Formularlayouts SAPscript, SmartForms, AdobeForms oder eine externe Formatierungssoftware eingesetzt wird.<\/p>\n<p>Sobald man sich mit den Abl\u00e4ufen bei der Erstellung von Gesch\u00e4ftsdokumenten in SAP auseinandersetzt, merkt man schnell, dass es sich um eine komplexe Aufgabenstellung handelt. H\u00e4ufig findet man \u00fcber viele Jahre gewachsene Formularstrukturen, die einen hohen Aufwand bei der t\u00e4glichen Pflege erfordern.<\/p>\n<p>Profitieren Sie von unserer umfangreichen Projekterfahrung. Im Webinar zeigen wir auf, wie Sie Optimierungspotential in Ihrer Formularlandschaft aufdecken und mit einem umfassenden Formularkonzept den Wartungsaufwand erheblich reduzieren k\u00f6nnen.<\/p>\n","protected":false},"excerpt":{"rendered":"<p>Wir bieten regelm\u00e4\u00dfig kostenfreie Webinare zu unseren Themenschwerpunkten an. SAP Formulare optimieren \u2013 Wartungskosten senken Mit diesem Event sprechen wir Entscheider und Entwickler an, die Interesse an einer Optimierung ihrer derzeitigen SAP Formularlandschaft haben, unabh\u00e4ngig davon, ob f\u00fcr die Realisierung des Formularlayouts SAPscript, SmartForms, AdobeForms oder eine externe Formatierungssoftware eingesetzt wird. Sobald man sich mit [&hellip;]<\/p>\n","protected":false},"author":6,"featured_media":0,"parent":0,"menu_order":0,"comment_status":"open","ping_status":"open","template":"","meta":{"footnotes":""},"class_list":["post-888","page","type-page","status-publish","hentry"],"aioseo_notices":[],"_links":{"self":[{"href":"https:\/\/www.koan-solution.de\/de\/wp-json\/wp\/v2\/pages\/888","targetHints":{"allow":["GET"]}}],"collection":[{"href":"https:\/\/www.koan-solution.de\/de\/wp-json\/wp\/v2\/pages"}],"about":[{"href":"https:\/\/www.koan-solution.de\/de\/wp-json\/wp\/v2\/types\/page"}],"author":[{"embeddable":true,"href":"https:\/\/www.koan-solution.de\/de\/wp-json\/wp\/v2\/users\/6"}],"replies":[{"embeddable":true,"href":"https:\/\/www.koan-solution.de\/de\/wp-json\/wp\/v2\/comments?post=888"}],"version-history":[{"count":93,"href":"https:\/\/www.koan-solution.de\/de\/wp-json\/wp\/v2\/pages\/888\/revisions"}],"predecessor-version":[{"id":1859,"href":"https:\/\/www.koan-solution.de\/de\/wp-json\/wp\/v2\/pages\/888\/revisions\/1859"}],"wp:attachment":[{"href":"https:\/\/www.koan-solution.de\/de\/wp-json\/wp\/v2\/media?parent=888"}],"curies":[{"name":"wp","href":"https:\/\/api.w.org\/{rel}","templated":true}]}}