{"id":829,"date":"2012-08-21T17:13:01","date_gmt":"2012-08-21T15:13:01","guid":{"rendered":"http:\/\/www.koan-solution.de\/de\/?page_id=829"},"modified":"2017-09-15T10:36:38","modified_gmt":"2017-09-15T08:36:38","slug":"is-m-formulare","status":"publish","type":"page","link":"https:\/\/www.koan-solution.de\/de\/case-studies\/is-m-formulare\/","title":{"rendered":"IS-M Formulare"},"content":{"rendered":"<h4><img loading=\"lazy\" decoding=\"async\" class=\"alignleft size-full wp-image-848\" title=\"IconNEU\" src=\"https:\/\/www.koan-solution.de\/de\/files\/2012\/07\/IconNEU.png\" alt=\"Icon Case Study\" width=\"45\" height=\"45\" \/><br \/>\nCase Study<\/h4>\n<h2>Migration von IS-M Formularen<\/h2>\n<p>IS-M = SAP for Media ist die Branchenl\u00f6sung f\u00fcr Presseverlage. Deren Vertrieb kennt heute nicht mehr nur den \u201eFachhandel\u201c, sondern auch Superm\u00e4rkte, Tankstellen, B\u00e4ckereien,\u2026und entsprechend vielf\u00e4ltig und komplex sehen die zugeh\u00f6rigen Gesch\u00e4ftsdokumente aus.<\/p>\n<h4>Aufgabenstellung<\/h4>\n<p>Auf Basis der vorhandenen SAPscript-Layouts mit einem Anteil neuer Elemente Druckprogramme und Formulare neu erstellen f\u00fcr:<\/p>\n<ul>\n<li>Abonnementrechnungen f\u00fcr Privatkunden<\/li>\n<li>Einzelverkaufsrechnung f\u00fcr Firmenkunden<\/li>\n<li>Liefernachweise<\/li>\n<\/ul>\n<h4>Herausforderung<\/h4>\n<p>Insbesondere die Liefernachweise stellten durch die Vielzahl an Varianten und Sortieranforderungen die F\u00e4higkeiten unserer Kollegen auf die Probe. Die Daten zu Kalenderwoche, Wochentag, Tour, Titel, Anzahl, \u2026 waren korrekt zu ermitteln und richtig sortiert und gruppiert im Layout zu platzieren.<\/p>\n<p>Eine Spezialit\u00e4t bei den Rechnungen: f\u00fcr bestimmte Kunden waren zus\u00e4tzlich zur \u201eOriginal\u201c-Rechnung 1 bis n Kopien erforderlich, die jeweils mit dem Vermerk \u201eKopie\u201c gekennzeichnet werden mussten.<\/p>\n<h4>Druckausgabe<\/h4>\n<p>Der eigentliche Druck erfolgt bei einem externen Druckdienstleister. Der Output wird im PDF-Format per FTP dorthin \u00fcbertragen.<\/p>\n<p>Parallel dazu werden die Rechnungen nat\u00fcrlich archiviert.<\/p>\n<h4>Druckvolumen<\/h4>\n<p>Je Rechnungslauf werden mehrere 10.000 Rechnungen erstellt.<\/p>\n<p>&nbsp;<\/p>\n","protected":false},"excerpt":{"rendered":"<p>Case Study Migration von IS-M Formularen IS-M = SAP for Media ist die Branchenl\u00f6sung f\u00fcr Presseverlage. Deren Vertrieb kennt heute nicht mehr nur den \u201eFachhandel\u201c, sondern auch Superm\u00e4rkte, Tankstellen, B\u00e4ckereien,\u2026und entsprechend vielf\u00e4ltig und komplex sehen die zugeh\u00f6rigen Gesch\u00e4ftsdokumente aus. Aufgabenstellung Auf Basis der vorhandenen SAPscript-Layouts mit einem Anteil neuer Elemente Druckprogramme und Formulare neu erstellen [&hellip;]<\/p>\n","protected":false},"author":6,"featured_media":0,"parent":11,"menu_order":0,"comment_status":"open","ping_status":"open","template":"","meta":{"footnotes":""},"class_list":["post-829","page","type-page","status-publish","hentry"],"aioseo_notices":[],"_links":{"self":[{"href":"https:\/\/www.koan-solution.de\/de\/wp-json\/wp\/v2\/pages\/829","targetHints":{"allow":["GET"]}}],"collection":[{"href":"https:\/\/www.koan-solution.de\/de\/wp-json\/wp\/v2\/pages"}],"about":[{"href":"https:\/\/www.koan-solution.de\/de\/wp-json\/wp\/v2\/types\/page"}],"author":[{"embeddable":true,"href":"https:\/\/www.koan-solution.de\/de\/wp-json\/wp\/v2\/users\/6"}],"replies":[{"embeddable":true,"href":"https:\/\/www.koan-solution.de\/de\/wp-json\/wp\/v2\/comments?post=829"}],"version-history":[{"count":5,"href":"https:\/\/www.koan-solution.de\/de\/wp-json\/wp\/v2\/pages\/829\/revisions"}],"predecessor-version":[{"id":832,"href":"https:\/\/www.koan-solution.de\/de\/wp-json\/wp\/v2\/pages\/829\/revisions\/832"}],"up":[{"embeddable":true,"href":"https:\/\/www.koan-solution.de\/de\/wp-json\/wp\/v2\/pages\/11"}],"wp:attachment":[{"href":"https:\/\/www.koan-solution.de\/de\/wp-json\/wp\/v2\/media?parent=829"}],"curies":[{"name":"wp","href":"https:\/\/api.w.org\/{rel}","templated":true}]}}