{"id":820,"date":"2012-08-21T16:57:22","date_gmt":"2012-08-21T14:57:22","guid":{"rendered":"http:\/\/www.koan-solution.de\/de\/?page_id=820"},"modified":"2017-09-15T10:36:11","modified_gmt":"2017-09-15T08:36:11","slug":"migration-zu-adobeforms","status":"publish","type":"page","link":"https:\/\/www.koan-solution.de\/de\/case-studies\/migration-zu-adobeforms\/","title":{"rendered":"Migration zu AdobeForms"},"content":{"rendered":"<h4><img loading=\"lazy\" decoding=\"async\" class=\"alignleft size-full wp-image-848\" title=\"IconNEU\" src=\"https:\/\/www.koan-solution.de\/de\/files\/2012\/07\/IconNEU.png\" alt=\"Icon Case Study\" width=\"45\" height=\"45\" \/><br \/>\nCase Study<\/h4>\n<h2>Migration von SAPscript zur Adobe Technologie bei einem Energieversorger<\/h2>\n<h4>Aufgabenstellung<\/h4>\n<p>Migration der vorhandenen SAPscript-Layouts und ABAP-Datenbeschaffungen f\u00fcr insgesamt \u00fcber 30 Formulare:<\/p>\n<ul>\n<li>Herstellungsvertr\u00e4ge<\/li>\n<li>Angebote (z.B. Anschl\u00fcsse, Stra\u00dfenbeleuchtung,\u2026)<\/li>\n<li>Kostenvoranschl\u00e4ge<\/li>\n<li>Auftragsbest\u00e4tigungen<\/li>\n<li>Fakturen in unterschiedlichen Varianten<\/li>\n<li>Bonusnachweise<\/li>\n<\/ul>\n<p>Statt einer 1:1 \u00dcbernahme war sowohl eine Optimierung der Datenbeschaffung als auch eine Aktualisierung des Layouts gefordert. Dabei waren je Formular bis zu f\u00fcnf verschiedene Gesellschaften mit ihren spezifischen Layoutauspr\u00e4gungen zu ber\u00fccksichtigen.<\/p>\n<h4>Umsetzung<\/h4>\n<p>Die Aufgabe wurde von zwei Mitarbeitern \u00fcbernommen, die zun\u00e4chst die vorgefundenen Programme gr\u00fcndlich analysierten. Anschlie\u00dfend wurden gemeinsam mit dem Kunden die aktuellen Anforderungen ausgearbeitet. Die Umsetzung erfolgte \u201eHand in Hand\u201c aufgeteilt in ABAP-Datenbeschaffung und Adobe-Layout Aufgaben. Dabei war jeder der beiden Entwickler auch in der Lage, einmal eine Aufgabe im Bereich des Kollegen zu \u00fcbernehmen.<\/p>\n<h4>Herausforderung<\/h4>\n<p>Die gro\u00dfen Herausforderungen lagen nicht nur in der Beherrschung der Technologie. Sie bestanden insbesondere auch in der Vielzahl der real existierenden Formularvarianten. Diese galt es gemeinsam\u00a0 mit den fachkundigen Mitarbeitern des Kunden zeitnah mit realistischen Daten zu testen, um z\u00fcgig die korrekte Umsetzung aller erforderlichen Detailvarianten verifizieren zu k\u00f6nnen.<\/p>\n<p>&nbsp;<\/p>\n","protected":false},"excerpt":{"rendered":"<p>Case Study Migration von SAPscript zur Adobe Technologie bei einem Energieversorger Aufgabenstellung Migration der vorhandenen SAPscript-Layouts und ABAP-Datenbeschaffungen f\u00fcr insgesamt \u00fcber 30 Formulare: Herstellungsvertr\u00e4ge Angebote (z.B. Anschl\u00fcsse, Stra\u00dfenbeleuchtung,\u2026) Kostenvoranschl\u00e4ge Auftragsbest\u00e4tigungen Fakturen in unterschiedlichen Varianten Bonusnachweise Statt einer 1:1 \u00dcbernahme war sowohl eine Optimierung der Datenbeschaffung als auch eine Aktualisierung des Layouts gefordert. Dabei waren je [&hellip;]<\/p>\n","protected":false},"author":6,"featured_media":0,"parent":11,"menu_order":0,"comment_status":"open","ping_status":"open","template":"","meta":{"footnotes":""},"class_list":["post-820","page","type-page","status-publish","hentry"],"aioseo_notices":[],"_links":{"self":[{"href":"https:\/\/www.koan-solution.de\/de\/wp-json\/wp\/v2\/pages\/820","targetHints":{"allow":["GET"]}}],"collection":[{"href":"https:\/\/www.koan-solution.de\/de\/wp-json\/wp\/v2\/pages"}],"about":[{"href":"https:\/\/www.koan-solution.de\/de\/wp-json\/wp\/v2\/types\/page"}],"author":[{"embeddable":true,"href":"https:\/\/www.koan-solution.de\/de\/wp-json\/wp\/v2\/users\/6"}],"replies":[{"embeddable":true,"href":"https:\/\/www.koan-solution.de\/de\/wp-json\/wp\/v2\/comments?post=820"}],"version-history":[{"count":12,"href":"https:\/\/www.koan-solution.de\/de\/wp-json\/wp\/v2\/pages\/820\/revisions"}],"predecessor-version":[{"id":953,"href":"https:\/\/www.koan-solution.de\/de\/wp-json\/wp\/v2\/pages\/820\/revisions\/953"}],"up":[{"embeddable":true,"href":"https:\/\/www.koan-solution.de\/de\/wp-json\/wp\/v2\/pages\/11"}],"wp:attachment":[{"href":"https:\/\/www.koan-solution.de\/de\/wp-json\/wp\/v2\/media?parent=820"}],"curies":[{"name":"wp","href":"https:\/\/api.w.org\/{rel}","templated":true}]}}