{"id":660,"date":"2012-07-24T12:23:41","date_gmt":"2012-07-24T10:23:41","guid":{"rendered":"http:\/\/www.koan-solution.de\/de\/?page_id=660"},"modified":"2017-09-15T10:34:17","modified_gmt":"2017-09-15T08:34:17","slug":"projektleitung","status":"publish","type":"page","link":"https:\/\/www.koan-solution.de\/de\/case-studies\/projektleitung\/","title":{"rendered":"Projektleitung"},"content":{"rendered":"<h4><img loading=\"lazy\" decoding=\"async\" class=\"alignleft size-full wp-image-848\" title=\"IconNEU\" src=\"https:\/\/www.koan-solution.de\/de\/files\/2012\/07\/IconNEU.png\" alt=\"Icon Case Study\" width=\"45\" height=\"45\" \/><br \/>\nCase Study<\/h4>\n<h2>Formulare im SAP Einf\u00fchrungsprojekt<\/h2>\n<p>Eine Migration von BaaN zu SAP ist nicht mal so eben zu erledigen. Bei einem mittelst\u00e4ndischen Metallverarbeitungsbetrieb in der Automobilbranche waren dabei im Migrationskonzept f\u00fcr die Aufgabenstellung \u201eFormulare\u201c ganze 15 Tage vorgesehen. In dieser Zeit sollten einige Beispielformulare erstellt und die Mitarbeiter f\u00fcr die eigenst\u00e4ndige Formularerstellung mit dem Adobe LiveCycle Designer geschult werden. Daraus wurde ein Teilprojekt \u00fcber 250 PT im Zeitraum von 8 Monaten, f\u00fcr das die koan-solution die Teamleitung \u00fcbernommen hat.<\/p>\n<p>\u00dcber 60 Formulare aus den SAP Modulen HCM, FI, SD, MM, PP, QM und WM wurden umgesetzt, zun\u00e4chst in drei Sprachen.<\/p>\n<p>Die gr\u00f6\u00dfte Herausforderung war dabei weder die Datenbeschaffung noch die Layouterstellung selber, sondern die Spezifikation der Anforderungen an Formularinhalte und \u2013Logik. Und die Kommunikation zwischen Fachabteilung und IT-Spezialisten. Unser erfahrener Teilprojektleiter trug durch gute und gezielte Unterst\u00fctzung bei der Formularspezifikation, so manchem technischen Tipp und der Kommunikation im jeweils richtigen Jargon wesentlich zum Projekterfolg bei.<\/p>\n<p>&nbsp;<\/p>\n","protected":false},"excerpt":{"rendered":"<p>Case Study Formulare im SAP Einf\u00fchrungsprojekt Eine Migration von BaaN zu SAP ist nicht mal so eben zu erledigen. Bei einem mittelst\u00e4ndischen Metallverarbeitungsbetrieb in der Automobilbranche waren dabei im Migrationskonzept f\u00fcr die Aufgabenstellung \u201eFormulare\u201c ganze 15 Tage vorgesehen. In dieser Zeit sollten einige Beispielformulare erstellt und die Mitarbeiter f\u00fcr die eigenst\u00e4ndige Formularerstellung mit dem Adobe [&hellip;]<\/p>\n","protected":false},"author":6,"featured_media":0,"parent":11,"menu_order":0,"comment_status":"open","ping_status":"open","template":"","meta":{"footnotes":""},"class_list":["post-660","page","type-page","status-publish","hentry"],"aioseo_notices":[],"_links":{"self":[{"href":"https:\/\/www.koan-solution.de\/de\/wp-json\/wp\/v2\/pages\/660","targetHints":{"allow":["GET"]}}],"collection":[{"href":"https:\/\/www.koan-solution.de\/de\/wp-json\/wp\/v2\/pages"}],"about":[{"href":"https:\/\/www.koan-solution.de\/de\/wp-json\/wp\/v2\/types\/page"}],"author":[{"embeddable":true,"href":"https:\/\/www.koan-solution.de\/de\/wp-json\/wp\/v2\/users\/6"}],"replies":[{"embeddable":true,"href":"https:\/\/www.koan-solution.de\/de\/wp-json\/wp\/v2\/comments?post=660"}],"version-history":[{"count":13,"href":"https:\/\/www.koan-solution.de\/de\/wp-json\/wp\/v2\/pages\/660\/revisions"}],"predecessor-version":[{"id":952,"href":"https:\/\/www.koan-solution.de\/de\/wp-json\/wp\/v2\/pages\/660\/revisions\/952"}],"up":[{"embeddable":true,"href":"https:\/\/www.koan-solution.de\/de\/wp-json\/wp\/v2\/pages\/11"}],"wp:attachment":[{"href":"https:\/\/www.koan-solution.de\/de\/wp-json\/wp\/v2\/media?parent=660"}],"curies":[{"name":"wp","href":"https:\/\/api.w.org\/{rel}","templated":true}]}}