{"id":621,"date":"2012-07-18T17:32:28","date_gmt":"2012-07-18T15:32:28","guid":{"rendered":"http:\/\/www.koan-solution.de\/de\/?page_id=621"},"modified":"2017-09-15T10:20:10","modified_gmt":"2017-09-15T08:20:10","slug":"migrationstool","status":"publish","type":"page","link":"https:\/\/www.koan-solution.de\/de\/loesungen\/migrationstool\/","title":{"rendered":"Migrationstool"},"content":{"rendered":"<p style=\"text-align: left\"><img loading=\"lazy\" decoding=\"async\" class=\"alignleft size-full wp-image-744\" src=\"https:\/\/www.koan-solution.de\/de\/files\/2012\/07\/Platinum_Form_Converter.png\" alt=\"Schriftzug platinumFormConverter\" width=\"400\" height=\"31\" srcset=\"https:\/\/www.koan-solution.de\/de\/files\/2012\/07\/Platinum_Form_Converter.png 400w, https:\/\/www.koan-solution.de\/de\/files\/2012\/07\/Platinum_Form_Converter-300x23.png 300w\" sizes=\"auto, (max-width: 400px) 100vw, 400px\" \/><\/p>\n<p style=\"text-align: left\"><span style=\"color: #ffffff\">.<\/span><\/p>\n<p style=\"text-align: left\"><span style=\"color: #ffffff\">.<\/span><\/p>\n<p style=\"text-align: left\">SAP hat keinen Migrationspfad von SAPscript zur Adobe Technologie vorgesehen. Dabei gibt es unz\u00e4hlige SAPscript-Formulare und immer wieder die Frage der Kunden: \u201eWird es nicht doch ein Migrationswerkzeug geben?\u201c<\/p>\n<p>Der von der koan-solution eingesetzte <strong>platinumFormConverter<\/strong> unseres Partners platinum consulting group stellt ein solches Werkzeug dar.<\/p>\n<h4>Er generiert automatisch:<\/h4>\n<ul>\n<li>erforderliche DDIC Strukturen<\/li>\n<li>Formularschnittstelle<\/li>\n<li>Formularkontext<\/li>\n<li>Formularlayout<\/li>\n<\/ul>\n<h4>und \u00fcbernimmt 1:1 alle SAPscript Objekte:<\/h4>\n<ul>\n<li>Seiten<\/li>\n<li>Fenster<\/li>\n<li>Absatzformate<\/li>\n<li>Zeichenformate<\/li>\n<li>Stile<\/li>\n<\/ul>\n<h4>Ge\u00e4nderte Abl\u00e4ufe<\/h4>\n<p>Beim Ablauf der Formularproduktion gibt es erhebliche Unterschiede zwischen der Verwendung von SAPscript und SIFbA. W\u00e4hrend bei SAPscript das Druckprogramm immer wieder \u2013 z.B. mit WRITE_FORM \u2013 Daten an das Formular \u00fcbergibt und damit auch die Formularlogik steuert, erfolgt die Daten\u00fcbergabe bei der Adobetechnologie nur zu einem einzigen Zeitpunkt: beim Aufruf des Formulars. Die Formularlogik und das Layout werden vollst\u00e4ndig im \u201ePDF\u201c-Formular definiert.<\/p>\n<p>Daher muss auch bei einer 1:1 Migration das Druckprogramm analysiert und angepasst werden, was auf Grund der vielen individuellen Anpassungen nicht vollautomatisch erfolgen kann.<\/p>\n<p class=\"size-medium wp-image-1073\">Die toolbasierte Migration erfolgt in 4 Schritten:<a href=\"https:\/\/www.koan-solution.de\/de\/files\/2012\/07\/Migrationstool_4-SchritteND.png\"><img loading=\"lazy\" decoding=\"async\" class=\"alignright size-medium wp-image-1073\" src=\"https:\/\/www.koan-solution.de\/de\/files\/2012\/07\/Migrationstool_4-SchritteND-300x157.png\" alt=\"Migrationstool: in 4 Schritten von SAPscript zu AdobeForms\" width=\"300\" height=\"157\" srcset=\"https:\/\/www.koan-solution.de\/de\/files\/2012\/07\/Migrationstool_4-SchritteND-300x157.png 300w, https:\/\/www.koan-solution.de\/de\/files\/2012\/07\/Migrationstool_4-SchritteND-1024x538.png 1024w, https:\/\/www.koan-solution.de\/de\/files\/2012\/07\/Migrationstool_4-SchritteND.png 1241w\" sizes=\"auto, (max-width: 300px) 100vw, 300px\" \/><\/a><\/p>\n<ol>\n<li>vorbereitende Analyse des SAPscript Formulars<\/li>\n<li>manuelle Anpassung des Druckprogramms<\/li>\n<li>Generierung der neuen Objekte und des SIFbA-Formulars<\/li>\n<li>Feintuning des neuen Formulars<\/li>\n<\/ol>\n<h4>Der Einsatz des Migrationstools lohnt sich<\/h4>\n<p>insbesondere bei<\/p>\n<ul>\n<li>einer gro\u00dfen Anzahl von SAPscript (und auch SmartForms) Formularen<\/li>\n<li>akzeptabler Strukturierung von Druckprogramm und Formulararchitektur<\/li>\n<li>sehr komplexen Formularen<\/li>\n<\/ul>\n<p>Nat\u00fcrlich k\u00f6nnen Sie nicht immer eine auf den Zehntelmillimeter genaue 1:1 Abbildung automatisch erreichen. Doch trotz Nacharbeiten und manueller Anpassungen des Druckprogramms ergeben sich regelm\u00e4\u00dfig Zeiteinsparungen bis \u00fcber 50%.<\/p>\n<p>Die technische Umsetzung der Formulare durch den <strong>platinumFormConverter<\/strong> ist Teil eines <a title=\"SAP Formularmigration\" href=\"https:\/\/www.koan-solution.de\/de\/services\/sap-formularmigration\/\">Migrationsprojektes<\/a>,\u00a0 das mit der Erstellung des neuen Formularkonzepts beginnt und mit Tests, Dokumentation und Going-Live abgeschlossen wird.<\/p>\n","protected":false},"excerpt":{"rendered":"<p>. . SAP hat keinen Migrationspfad von SAPscript zur Adobe Technologie vorgesehen. Dabei gibt es unz\u00e4hlige SAPscript-Formulare und immer wieder die Frage der Kunden: \u201eWird es nicht doch ein Migrationswerkzeug geben?\u201c Der von der koan-solution eingesetzte platinumFormConverter unseres Partners platinum consulting group stellt ein solches Werkzeug dar. Er generiert automatisch: erforderliche DDIC Strukturen Formularschnittstelle Formularkontext [&hellip;]<\/p>\n","protected":false},"author":6,"featured_media":0,"parent":1431,"menu_order":0,"comment_status":"open","ping_status":"open","template":"","meta":{"footnotes":""},"class_list":["post-621","page","type-page","status-publish","hentry"],"aioseo_notices":[],"_links":{"self":[{"href":"https:\/\/www.koan-solution.de\/de\/wp-json\/wp\/v2\/pages\/621","targetHints":{"allow":["GET"]}}],"collection":[{"href":"https:\/\/www.koan-solution.de\/de\/wp-json\/wp\/v2\/pages"}],"about":[{"href":"https:\/\/www.koan-solution.de\/de\/wp-json\/wp\/v2\/types\/page"}],"author":[{"embeddable":true,"href":"https:\/\/www.koan-solution.de\/de\/wp-json\/wp\/v2\/users\/6"}],"replies":[{"embeddable":true,"href":"https:\/\/www.koan-solution.de\/de\/wp-json\/wp\/v2\/comments?post=621"}],"version-history":[{"count":37,"href":"https:\/\/www.koan-solution.de\/de\/wp-json\/wp\/v2\/pages\/621\/revisions"}],"predecessor-version":[{"id":1651,"href":"https:\/\/www.koan-solution.de\/de\/wp-json\/wp\/v2\/pages\/621\/revisions\/1651"}],"up":[{"embeddable":true,"href":"https:\/\/www.koan-solution.de\/de\/wp-json\/wp\/v2\/pages\/1431"}],"wp:attachment":[{"href":"https:\/\/www.koan-solution.de\/de\/wp-json\/wp\/v2\/media?parent=621"}],"curies":[{"name":"wp","href":"https:\/\/api.w.org\/{rel}","templated":true}]}}