{"id":5,"date":"2012-01-27T14:33:03","date_gmt":"2012-01-27T14:33:03","guid":{"rendered":"http:\/\/www.koan-solution.de\/?page_id=2"},"modified":"2026-01-02T23:07:27","modified_gmt":"2026-01-02T22:07:27","slug":"beispiel-seite-2","status":"publish","type":"page","link":"https:\/\/www.koan-solution.de\/de\/","title":{"rendered":"Herzlich willkommen bei der koan-solution!"},"content":{"rendered":"<h3>Ihrem Spezialisten f\u00fcr die Entwicklung, Optimierung und dem Druck von SAP Interactive Forms by Adobe, Smart Forms und SAPscript Formularen.<\/h3>\n<p>Formulare sind nicht nur wesentlicher Bestandteil etlicher Gesch\u00e4ftsprozesse, sondern im Kontext von internen und externen Korrespondenzen auch das Aush\u00e4ngeschild Ihres Unternehmens.<\/p>\n<p>Egal ob Rechnungsformular, Bestellung, Mahnung oder Inspektionsprotokoll und andere: Wir kennen die Fallstricke bei der Entwicklung von Formularen im SAP Umfeld. Auch wissen wir um die Hauptkostentreiber bei der Entwicklung und dem Betrieb von SAPscript, Smart Forms und Adobe Forms. Mit unseren vielf\u00e4ltigen L\u00f6sungen und Services stehen wir Ihnen als verl\u00e4sslicher Partner f\u00fcr Ihre Anliegen rund um die Themen Formularentwicklung, Formularwartung und Formularoptimierung Tag f\u00fcr Tag zur Seite.<\/p>\n<p>Gewinnen Sie einen ersten Eindruck von uns machen Sie sich ein Bild \u00fcber unsere Kompetenzen: Bei unseren regelm\u00e4\u00dfigen, kostenfreien Webinaren erfahren Sie mehr dar\u00fcber wie SAP Formulare optimiert und Wartungskosten reduziert werden k\u00f6nnen. Melden Sie sich heute noch unverbindlich an:<\/p>\n<h4>SAP Formulartechnologien<\/h4>\n<p>Im Laufe der letzten 25 Jahre hat sich seit der Einf\u00fchrung von SAP R\/3 einiges getan im Formulare Umfeld. Gestartet ist das SAP R\/3 in den 1990er Jahren mit der Formulartechnologie SAPscript. Im Zuge von neuen Releases der SAP ERP Software wurden sukzessive auch modernere Formulartechnologien wie Smart Forms und zuletzt SAP Interactive Forms by Adobe eingef\u00fchrt.<\/p>\n<p>Aus unserer nunmehr zwanzig-j\u00e4hrigen Erfahrung bei der Entwicklung und Optimierung von SAP Formularen kennen wir die Herausforderungen, die eine historisch gewachsene Formularlandschaft mit sich bringt. Genau hieraus haben wir unsere L\u00f6sungen, Services und Best Practises entwickelt und sie schon bei unseren zahlreichen Kunden erfolgreich eingesetzt.<\/p>\n<ul>\n<li>Brauchen Sie Unterst\u00fctzung bei der Entwicklung Ihrer neuen Adobe Formulare oder bei der Optimierung Ihrer bestehenden SAP Formularlandschaft?<\/li>\n<li>Steht bei Ihnen eine Migration Ihrer SAPscript oder Smart Forms Formulare nach Adobe Forms an?<\/li>\n<li>oder planen Sie ein SAP Einf\u00fchrungsprojekt f\u00fcr das Sie einen verl\u00e4sslichen Partner rund um die Themen SAP Formulare und Drucken mit SAP brauchen?<\/li>\n<li>Sie ben\u00f6tigen einen verl\u00e4sslichen und kompetenten Partner, der die Wartung Ihrer Formule \u00fcbernimmt?<\/li>\n<\/ul>\n<p>Bei diesen und anderen Fragen rum um das Thema SAP Formulartechnologien und Output Management m\u00f6chten wir Sie mit unseren koan Solutions &amp; Services beraten und unterst\u00fctzen:<\/p>\n<h4>koan Solutions &amp; Services<\/h4>\n<p>Bei koan-solution glauben wir nicht an fertige L\u00f6sungen im Formularumfeld. Die Erfahrungen und Lessons Learned aus den vielen Projekten, die wir in diesem Themengebiet schon umgesetzt haben zeigten uns, dass bei der Entwicklung und Optimierung von SAP Formularen der gr\u00f6\u00dfte Nutzen f\u00fcr unsere Kunden nicht aus vermeintlich fertigen Formularprodukten resultiert. Erheblich mehr profitieren unsere Kunden von unseren individuellen, auf sie zugeschnittenen L\u00f6sungen.<\/p>\n<p>Unsere koan Solutions &amp; Services bilden ein Set modernster, erprobter Technologien und Dienstleistungen mit Hilfe derer wir unsere Projekte mit maximaler Kosten- und Ressourceneffizienz mit durchf\u00fchren k\u00f6nnen. Die Anforderungen variieren von Projekt zu Projekt aber das Ziel bleibt f\u00fcr uns immer das gleiche:<\/p>\n<ul>\n<li>maximale Effizienz bei der Umsetzung und<\/li>\n<li>die Lieferung eines Endprodukts, das sich durch nachhaltige Qualit\u00e4t und einfache Wartbarkeit f\u00fcr unseren Kunden auszeichnet.<\/li>\n<\/ul>\n<p><a href=\"https:\/\/www.koan-solution.de\/de\/kontakt\/\">Melden Sie sich bei uns<\/a> zu einem ersten Gespr\u00e4ch und erfahren Sie mehr \u00fcber unsere Dienstleitungen. Profitieren auch Sie von unserer langj\u00e4hrigen Expertise! Unsere Koan Teams, zusammengesetzt aus Beratern und Entwicklern, stehen Ihnen gerne bei Ihren Fragen rund um Ihre Formularthemen zur Verf\u00fcgung.<\/p>\n","protected":false},"excerpt":{"rendered":"<p>Ihrem Spezialisten f\u00fcr die Entwicklung, Optimierung und dem Druck von SAP Interactive Forms by Adobe, Smart Forms und SAPscript Formularen. Formulare sind nicht nur wesentlicher Bestandteil etlicher Gesch\u00e4ftsprozesse, sondern im Kontext von internen und externen Korrespondenzen auch das Aush\u00e4ngeschild Ihres Unternehmens. Egal ob Rechnungsformular, Bestellung, Mahnung oder Inspektionsprotokoll und andere: Wir kennen die Fallstricke bei [&hellip;]<\/p>\n","protected":false},"author":6,"featured_media":0,"parent":0,"menu_order":1003,"comment_status":"open","ping_status":"open","template":"","meta":{"footnotes":""},"class_list":["post-5","page","type-page","status-publish","hentry"],"aioseo_notices":[],"_links":{"self":[{"href":"https:\/\/www.koan-solution.de\/de\/wp-json\/wp\/v2\/pages\/5","targetHints":{"allow":["GET"]}}],"collection":[{"href":"https:\/\/www.koan-solution.de\/de\/wp-json\/wp\/v2\/pages"}],"about":[{"href":"https:\/\/www.koan-solution.de\/de\/wp-json\/wp\/v2\/types\/page"}],"author":[{"embeddable":true,"href":"https:\/\/www.koan-solution.de\/de\/wp-json\/wp\/v2\/users\/6"}],"replies":[{"embeddable":true,"href":"https:\/\/www.koan-solution.de\/de\/wp-json\/wp\/v2\/comments?post=5"}],"version-history":[{"count":145,"href":"https:\/\/www.koan-solution.de\/de\/wp-json\/wp\/v2\/pages\/5\/revisions"}],"predecessor-version":[{"id":1851,"href":"https:\/\/www.koan-solution.de\/de\/wp-json\/wp\/v2\/pages\/5\/revisions\/1851"}],"wp:attachment":[{"href":"https:\/\/www.koan-solution.de\/de\/wp-json\/wp\/v2\/media?parent=5"}],"curies":[{"name":"wp","href":"https:\/\/api.w.org\/{rel}","templated":true}]}}