{"id":483,"date":"2012-06-29T15:43:11","date_gmt":"2012-06-29T13:43:11","guid":{"rendered":"http:\/\/www.koan-solution.de\/de\/?page_id=483"},"modified":"2017-09-12T16:54:16","modified_gmt":"2017-09-12T14:54:16","slug":"add-ons-fuer-adobe-livecycle-designer","status":"publish","type":"page","link":"https:\/\/www.koan-solution.de\/de\/loesungen\/add-ons-fuer-adobe-livecycle-designer\/","title":{"rendered":"Add-ons f\u00fcr Adobe LiveCycle Designer"},"content":{"rendered":"<h4>LiveCycle Grafikobjekt<\/h4>\n<p>Laut aktueller Gesetzeslage\u00a0ist von den Energieversorgungsunternehmen &#8222;unter Verwendung von Grafiken darzustellen, wie sich der eigene Jahresverbrauch zu dem Jahresverbrauch von Vergleichskundengruppen verh\u00e4lt (\u00a7 40 Abs. 2 Nr. 6 EnWG)&#8220;<\/p>\n<p>Die L\u00f6sung: das von der koan-solution entwickelte <strong>&#8222;LiveCycle Grafikobjekt\u201c.<\/strong><\/p>\n<p>Es steht im LiveCycle Designer zur Verf\u00fcgung und erm\u00f6glicht die erforderlichen Grafiken der Verbrauchswerte f\u00fcr Strom und Gas ganz ohne zus\u00e4tzliche Serverkomponenten.<\/p>\n<p>Das LiveCycle Bibliotheksobjekt hat folgende Vorteile:<\/p>\n<p><strong>Hohe Performance<\/strong><\/p>\n<ul>\n<li>Erzeugung der Grafik direkt im Formatierungsprozess<\/li>\n<li>kein zus\u00e4tzlicher Grafikerstellungsprozess notwendig, minimiert Anzahl Aufrufe, Plattenzugriffe \u2026<\/li>\n<\/ul>\n<p><strong>Erstellung als Vektorgrafik<\/strong><a href=\"https:\/\/www.koan-solution.de\/de\/files\/2012\/06\/Verbrauchsgrafik-sw.jpg\"><img loading=\"lazy\" decoding=\"async\" class=\"size-medium wp-image-642 alignright\" title=\"Verbrauchsgrafik-sw\" src=\"https:\/\/www.koan-solution.de\/de\/files\/2012\/06\/Verbrauchsgrafik-sw-209x300.jpg\" alt=\"Energieverbrauch Vergleichsgrafik schwarz\/wei\u00df\" width=\"209\" height=\"300\" srcset=\"https:\/\/www.koan-solution.de\/de\/files\/2012\/06\/Verbrauchsgrafik-sw-209x300.jpg 209w, https:\/\/www.koan-solution.de\/de\/files\/2012\/06\/Verbrauchsgrafik-sw.jpg 324w\" sizes=\"auto, (max-width: 209px) 100vw, 209px\" \/><\/a><\/p>\n<ul>\n<li>hohe Grafikqualit\u00e4t in unterschiedlichen Aufl\u00f6sungen<\/li>\n<li>schnelle Druckausgabe<\/li>\n<li>geringes Datenvolumen im Vergleich zu Bitmap Grafik<\/li>\n<\/ul>\n<p><strong>Hochwertiges Design<\/strong><\/p>\n<ul>\n<li>unterst\u00fctzt Hausschriften<\/li>\n<li>Ausgabe in Farbe z.B. f\u00fcr elektronische Zusendung<\/li>\n<li>Ausgabe in Graustufen z.B. f\u00fcr Druck<\/li>\n<li>Anpassung der Farben und Graustufen m\u00f6glich<\/li>\n<li>Vorlage wurde von einem professionellen Grafiker erstellt<\/li>\n<\/ul>\n<p><strong>Einfache Anpassung<\/strong><\/p>\n<ul>\n<li>direkte Einbindung in den Formulardesigner<\/li>\n<li>kein zus\u00e4tzliches Know-how erforderlich<\/li>\n<\/ul>\n<p><strong>Einfache Architektur<\/strong><\/p>\n<ul>\n<li>nutzt vorhandene ADS Infrastruktur<\/li>\n<li>keine zus\u00e4tzlichen Systemkomponenten<\/li>\n<\/ul>\n<p><strong>Ausblick<\/strong><\/p>\n<ul>\n<li>weitere Diagrammtypen sind geplant<\/li>\n<\/ul>\n","protected":false},"excerpt":{"rendered":"<p>LiveCycle Grafikobjekt Laut aktueller Gesetzeslage\u00a0ist von den Energieversorgungsunternehmen &#8222;unter Verwendung von Grafiken darzustellen, wie sich der eigene Jahresverbrauch zu dem Jahresverbrauch von Vergleichskundengruppen verh\u00e4lt (\u00a7 40 Abs. 2 Nr. 6 EnWG)&#8220; Die L\u00f6sung: das von der koan-solution entwickelte &#8222;LiveCycle Grafikobjekt\u201c. Es steht im LiveCycle Designer zur Verf\u00fcgung und erm\u00f6glicht die erforderlichen Grafiken der Verbrauchswerte f\u00fcr [&hellip;]<\/p>\n","protected":false},"author":6,"featured_media":0,"parent":1431,"menu_order":0,"comment_status":"open","ping_status":"open","template":"","meta":{"footnotes":""},"class_list":["post-483","page","type-page","status-publish","hentry"],"aioseo_notices":[],"_links":{"self":[{"href":"https:\/\/www.koan-solution.de\/de\/wp-json\/wp\/v2\/pages\/483","targetHints":{"allow":["GET"]}}],"collection":[{"href":"https:\/\/www.koan-solution.de\/de\/wp-json\/wp\/v2\/pages"}],"about":[{"href":"https:\/\/www.koan-solution.de\/de\/wp-json\/wp\/v2\/types\/page"}],"author":[{"embeddable":true,"href":"https:\/\/www.koan-solution.de\/de\/wp-json\/wp\/v2\/users\/6"}],"replies":[{"embeddable":true,"href":"https:\/\/www.koan-solution.de\/de\/wp-json\/wp\/v2\/comments?post=483"}],"version-history":[{"count":12,"href":"https:\/\/www.koan-solution.de\/de\/wp-json\/wp\/v2\/pages\/483\/revisions"}],"predecessor-version":[{"id":945,"href":"https:\/\/www.koan-solution.de\/de\/wp-json\/wp\/v2\/pages\/483\/revisions\/945"}],"up":[{"embeddable":true,"href":"https:\/\/www.koan-solution.de\/de\/wp-json\/wp\/v2\/pages\/1431"}],"wp:attachment":[{"href":"https:\/\/www.koan-solution.de\/de\/wp-json\/wp\/v2\/media?parent=483"}],"curies":[{"name":"wp","href":"https:\/\/api.w.org\/{rel}","templated":true}]}}