{"id":197,"date":"2012-03-15T11:03:13","date_gmt":"2012-03-15T10:03:13","guid":{"rendered":"http:\/\/koan.72dpi.de.72dpi.de\/?page_id=197"},"modified":"2017-09-20T14:15:07","modified_gmt":"2017-09-20T12:15:07","slug":"is-u-druck-workbench","status":"publish","type":"page","link":"https:\/\/www.koan-solution.de\/de\/loesungen\/sap-formulartechnologien\/is-u-druck-workbench\/","title":{"rendered":"IS-U Druck Workbench"},"content":{"rendered":"<p>Die Druck-Workbench ist im SAP IS-U die Entwicklungsumgebung zur Definition der Standardformulare.<\/p>\n<h4>DATENBESCHAFFUNG<\/h4>\n<p>F\u00fcr die Datenbeschaffung liefert SAP sogenannte \u201eFormularklassen\u201c aus, die in der Regel vom Kunden nicht modifiziert werden sollten. Auf Grundlage dieser Formularklassen werden mit der Druck-Workbench die Anwendungsformulare gestaltet, wobei diese durch User-Exits entsprechend der spezifischen Anforderungen des jeweiligen Unternehmens mit zus\u00e4tzlichen Daten versorgt werden k\u00f6nnen.<\/p>\n<h4>LAYOUT-TECHNOLOGIEN<\/h4>\n<p>Als Layout-Technologien stehen in der Druck-Workbench zur Verf\u00fcgung:<\/p>\n<p>\u2022 <strong>SAPscript<\/strong> \u2013 Ausgabe f\u00fcr externe Aufbereiter als RDI oder sRDI<\/p>\n<p>\u2022 <strong>SmartForms<\/strong> \u2013 Ausgabe f\u00fcr externe Aufbereiter als XSF<\/p>\n<p>\u2022 <strong>SAP Interactive Forms by Adobe (SIFbA)<\/strong> \u2013 Ausgabe f\u00fcr externe Aufbereiter als XFP<\/p>\n<h4>\u00a0PDF-BASIERTE FORMULARE F\u00dcR IS-U?<\/h4>\n<p>Die Adobe Formular-Technologie steht nicht nur f\u00fcr ERP-Formulare zur Verf\u00fcgung, sondern ist auch tief in den IS-U Formulardruck integriert. Der Formularentwickler hat die M\u00f6glichkeit, in der Druck-Workbench alternativ zu SAPscript und SmartForms auch PDF-basierte Formulare zur Layoutausgabe auszuw\u00e4hlen. Der Einsatz des zeitgem\u00e4\u00dfen und m\u00e4chtigen Entwicklungswerkzeugs LiveCycle Designer erspart vielen IS-U Kunden den bisher oft erforderlichen Einsatz externer Layoutsoftware. Dar\u00fcber hinaus erh\u00f6ht die Kombination von Druck-Workbench und PDF-basierter Formulartechnologie die Flexibilit\u00e4t in der Formularentwicklung und reduziert so Entwicklungszeiten und -kosten.<\/p>\n<h4>\u00a0PERFORMANCE PDF-BASIERTER IS-U FORMULARE<\/h4>\n<p>Seit auf dem SAP Netweaver Application Server Java die Parallelisierung der Formularaufbereitung mit den Adobe Document Services m\u00f6glich wurde ist die Erstellung von vielen hundert Seiten\/Minute auch f\u00fcr komplexere Formulare unter realen Alltagsbedingungen gegeben. Dazu ist es nat\u00fcrlich wichtig, das Layout von Anfang an sinnvoll zu strukturieren und \u00fcberm\u00e4\u00dfig viele JavaScript-Aufrufe zu vermeiden.<\/p>\n<p>&nbsp;<\/p>\n","protected":false},"excerpt":{"rendered":"<p>Die Druck-Workbench ist im SAP IS-U die Entwicklungsumgebung zur Definition der Standardformulare. DATENBESCHAFFUNG F\u00fcr die Datenbeschaffung liefert SAP sogenannte \u201eFormularklassen\u201c aus, die in der Regel vom Kunden nicht modifiziert werden sollten. Auf Grundlage dieser Formularklassen werden mit der Druck-Workbench die Anwendungsformulare gestaltet, wobei diese durch User-Exits entsprechend der spezifischen Anforderungen des jeweiligen Unternehmens mit zus\u00e4tzlichen [&hellip;]<\/p>\n","protected":false},"author":6,"featured_media":0,"parent":1449,"menu_order":1,"comment_status":"open","ping_status":"open","template":"","meta":{"footnotes":""},"class_list":["post-197","page","type-page","status-publish","hentry"],"aioseo_notices":[],"_links":{"self":[{"href":"https:\/\/www.koan-solution.de\/de\/wp-json\/wp\/v2\/pages\/197","targetHints":{"allow":["GET"]}}],"collection":[{"href":"https:\/\/www.koan-solution.de\/de\/wp-json\/wp\/v2\/pages"}],"about":[{"href":"https:\/\/www.koan-solution.de\/de\/wp-json\/wp\/v2\/types\/page"}],"author":[{"embeddable":true,"href":"https:\/\/www.koan-solution.de\/de\/wp-json\/wp\/v2\/users\/6"}],"replies":[{"embeddable":true,"href":"https:\/\/www.koan-solution.de\/de\/wp-json\/wp\/v2\/comments?post=197"}],"version-history":[{"count":7,"href":"https:\/\/www.koan-solution.de\/de\/wp-json\/wp\/v2\/pages\/197\/revisions"}],"predecessor-version":[{"id":941,"href":"https:\/\/www.koan-solution.de\/de\/wp-json\/wp\/v2\/pages\/197\/revisions\/941"}],"up":[{"embeddable":true,"href":"https:\/\/www.koan-solution.de\/de\/wp-json\/wp\/v2\/pages\/1449"}],"wp:attachment":[{"href":"https:\/\/www.koan-solution.de\/de\/wp-json\/wp\/v2\/media?parent=197"}],"curies":[{"name":"wp","href":"https:\/\/api.w.org\/{rel}","templated":true}]}}