{"id":190,"date":"2012-03-15T10:59:20","date_gmt":"2012-03-15T09:59:20","guid":{"rendered":"http:\/\/koan.72dpi.de.72dpi.de\/?page_id=190"},"modified":"2017-09-15T10:16:51","modified_gmt":"2017-09-15T08:16:51","slug":"sap-smart-forms-sapscript","status":"publish","type":"page","link":"https:\/\/www.koan-solution.de\/de\/loesungen\/sap-formulartechnologien\/sap-smart-forms-sapscript\/","title":{"rendered":"SAPscript Formular"},"content":{"rendered":"<h4>Traditionelle SAP Formulartechnologie<\/h4>\n<p>Die von SAP mit R\/3 1992 eingef\u00fchrten SAPscript-Formulare und die ab Release 4.6c verf\u00fcgbare SmartForms-Technologie, die einen ersten Schritt Richtung WYSIWYG bietet, sind immer noch die Grundlage von Millionen Gesch\u00e4ftsdokumenten. \u201eNever change a running System\u201c ist ein oft bem\u00fchtes Argument. Und warum sollte man auch eine bew\u00e4hrte Technologie abl\u00f6sen, auch wenn sie von SAP nicht mehr weiterentwickelt wird. Aus reiner Technikbegeisterung oder um die Dokumente sch\u00f6ner zu gestalten macht das kaum jemand. Zumal der Aufwand nicht unerheblich ist und internes Know-how zur PDF basierten Technologie aufgebaut werden muss.<\/p>\n<p>Wir haben unser SAPscript- und SmartForms-Know-how nicht verlernt und unterst\u00fctzen Sie auch weiterhin gerne bei der Pflege Ihrer darauf basierenden Formulare.<\/p>\n<h4>Gr\u00fcnde f\u00fcr einen Wechsel zur Adobe Formulartechnologie<\/h4>\n<p>Es gibt aber auch gute Gr\u00fcnde f\u00fcr einen Wechsel auf die aktuelle Adobe Formulartechnologie &#8211; \u201eSAP Interactive Forms by Adobe\u201c (SIFbA) \u2013 sie ergeben sich aus dem Betriebsalltag:<\/p>\n<ul>\n<li>der Pflegeaufwand f\u00fcr \u201ehistorisch gewachsenes\u201c Coding ist erheblich, unerwartete Querwirkungen bei scheinbar einfachen Erg\u00e4nzungen erfordern umfangreiche Tests<\/li>\n<li>eine externe Formatierungssoftware ist auf Grund der mit SIFbA kostenfrei zu Verf\u00fcgung stehenden Funktionalit\u00e4ten nicht mehr erforderlich, Wartungskosten k\u00f6nnen eingespart werden<\/li>\n<li>die Fachabteilung ben\u00f6tigt neue Dokumente<\/li>\n<li>von SAP mitgelieferte PDF-basierte Dokumente und die entsprechenden Druckprogramme k\u00f6nnen mit geringen Anpassungen eingesetzt werden<\/li>\n<li>f\u00fcr eine neue Tochtergesellschaft m\u00fcssen die Gesch\u00e4ftsdokumente auf deren spezifischen Anforderungen angepasst werden<\/li>\n<li>formularbasierte Prozesse k\u00f6nnen durch den Einsatz von interaktiven, intelligenten PDF optimiert werden (die Lizenzkonditionen f\u00fcr die Nutzung ausf\u00fcllbarer PDF besprechen Sie am besten konkret mit Ihrem SAP Vertriebspartner)<\/li>\n<\/ul>\n<p>Aus welchem Grund auch immer Sie die Adobetechnologie einsetzen: es zahlt sich aus, dies von Beginn an mit einem durchdachten Gesamtkonzept zu tun.<\/p>\n<p>Bei einer Migration bestehender SAPscript- und SmartForms-Formulare k\u00f6nnen Sie mit unserem <a title=\"Migrationstool\" href=\"https:\/\/www.koan-solution.de\/de\/loesungen\/migrationstool\/\">Migrationstool<\/a> den Aufwand um bis \u00fcber 50% reduzieren.<\/p>\n<p>&nbsp;<\/p>\n","protected":false},"excerpt":{"rendered":"<p>Traditionelle SAP Formulartechnologie Die von SAP mit R\/3 1992 eingef\u00fchrten SAPscript-Formulare und die ab Release 4.6c verf\u00fcgbare SmartForms-Technologie, die einen ersten Schritt Richtung WYSIWYG bietet, sind immer noch die Grundlage von Millionen Gesch\u00e4ftsdokumenten. \u201eNever change a running System\u201c ist ein oft bem\u00fchtes Argument. Und warum sollte man auch eine bew\u00e4hrte Technologie abl\u00f6sen, auch wenn sie [&hellip;]<\/p>\n","protected":false},"author":6,"featured_media":0,"parent":1449,"menu_order":1,"comment_status":"open","ping_status":"open","template":"","meta":{"footnotes":""},"class_list":["post-190","page","type-page","status-publish","hentry"],"aioseo_notices":[],"_links":{"self":[{"href":"https:\/\/www.koan-solution.de\/de\/wp-json\/wp\/v2\/pages\/190","targetHints":{"allow":["GET"]}}],"collection":[{"href":"https:\/\/www.koan-solution.de\/de\/wp-json\/wp\/v2\/pages"}],"about":[{"href":"https:\/\/www.koan-solution.de\/de\/wp-json\/wp\/v2\/types\/page"}],"author":[{"embeddable":true,"href":"https:\/\/www.koan-solution.de\/de\/wp-json\/wp\/v2\/users\/6"}],"replies":[{"embeddable":true,"href":"https:\/\/www.koan-solution.de\/de\/wp-json\/wp\/v2\/comments?post=190"}],"version-history":[{"count":21,"href":"https:\/\/www.koan-solution.de\/de\/wp-json\/wp\/v2\/pages\/190\/revisions"}],"predecessor-version":[{"id":1661,"href":"https:\/\/www.koan-solution.de\/de\/wp-json\/wp\/v2\/pages\/190\/revisions\/1661"}],"up":[{"embeddable":true,"href":"https:\/\/www.koan-solution.de\/de\/wp-json\/wp\/v2\/pages\/1449"}],"wp:attachment":[{"href":"https:\/\/www.koan-solution.de\/de\/wp-json\/wp\/v2\/media?parent=190"}],"curies":[{"name":"wp","href":"https:\/\/api.w.org\/{rel}","templated":true}]}}