{"id":188,"date":"2012-03-15T10:58:22","date_gmt":"2012-03-15T09:58:22","guid":{"rendered":"http:\/\/koan.72dpi.de.72dpi.de\/?page_id=188"},"modified":"2017-09-15T10:18:31","modified_gmt":"2017-09-15T08:18:31","slug":"sap-interactive-forms-by-adobe","status":"publish","type":"page","link":"https:\/\/www.koan-solution.de\/de\/loesungen\/sap-formulartechnologien\/sap-interactive-forms-by-adobe\/","title":{"rendered":"SAP Interactive Forms by Adobe"},"content":{"rendered":"<p>In SAP integrierte Adobetechnologie: die aktuelle L\u00f6sung f\u00fcr SAP-Formulare.<\/p>\n<p>Bei der Einf\u00fchrung der Interactive Forms Technologie hatte das Marketing fast ausschlie\u00dflich die interaktiven PDF-Formulare kommuniziert. Erst nach und nach hat sich herumgesprochen, dass mit \u201eSAP Interactive Forms by Adobe\u201c (SIFbA) neben PDF und PDF\/A nat\u00fcrlich auch die Druckformate PCL und PostScript sowie die Etikettenformate DPL, IPL,TPCL und ZPL generiert werden k\u00f6nnen. Und das ganz ohne zus\u00e4tzliche Lizenz- oder Wartungskosten. Mit der\u00a0 Verwendung f\u00fcr den \u201eganz normalen Druck-Output\u201c dient SIFbA heute zunehmend als effektive Abl\u00f6sung der veralteten SAPscript- und SmartForms-Technologie.<\/p>\n<p>Durch die vollst\u00e4ndige Integration der Adobetechnologie in die SAP-Architektur sind auch Formulare jetzt versioniert und werden \u00fcber die normalen Transportmechanismen verteilt.<\/p>\n<p>Der mit dem SAPGUI ausgelieferte LiveCycle Designer zur Definition der Formularprojekte ist einer der m\u00e4chtigsten und benutzerfreundlichsten WYSIWYG-Designer f\u00fcr Gesch\u00e4ftsdokumente, die der Markt bietet.<\/p>\n<p>Die Erstellung der Dokumente wird in den gewohnten SAP Formularprozessen gestartet. Die selektierten Daten werden mit den Adobe Document Services auf zentralen SAP AS Java Instanzen in das jeweilige Layout gerendert. Die fertigen Dokumente werden als Druckdaten (plus PDF f\u00fcr die Druckvorschau) an den SAP Spool \u00fcbergeben. Und wie gewohnt \u00fcber Archive Link archiviert und\/oder \u00fcber SAPconnect versendet.<\/p>\n<p>SAP hat einen Migrationspfad f\u00fcr SmartForms vorgesehen, nicht jedoch f\u00fcr SAPscript. Mit unserem <a title=\"Migrationstool\" href=\"https:\/\/www.koan-solution.de\/de\/loesungen\/migrationstool\/\">Migrationstool<\/a> f\u00fcr SAPscript (und SmartForms) reduziert sich Ihr Migrationsaufwand bis \u00fcber 50%.<\/p>\n<p>Z\u00f6gern Sie nicht, uns mit konkreten Aufgabenstellungen zur Adobe Technologie in SAP herauszuforden. Von der Datenbeschaffung bis zur Druckersteuerung.<\/p>\n","protected":false},"excerpt":{"rendered":"<p>In SAP integrierte Adobetechnologie: die aktuelle L\u00f6sung f\u00fcr SAP-Formulare. Bei der Einf\u00fchrung der Interactive Forms Technologie hatte das Marketing fast ausschlie\u00dflich die interaktiven PDF-Formulare kommuniziert. Erst nach und nach hat sich herumgesprochen, dass mit \u201eSAP Interactive Forms by Adobe\u201c (SIFbA) neben PDF und PDF\/A nat\u00fcrlich auch die Druckformate PCL und PostScript sowie die Etikettenformate DPL, [&hellip;]<\/p>\n","protected":false},"author":6,"featured_media":0,"parent":1449,"menu_order":0,"comment_status":"open","ping_status":"open","template":"","meta":{"footnotes":""},"class_list":["post-188","page","type-page","status-publish","hentry"],"aioseo_notices":[],"_links":{"self":[{"href":"https:\/\/www.koan-solution.de\/de\/wp-json\/wp\/v2\/pages\/188","targetHints":{"allow":["GET"]}}],"collection":[{"href":"https:\/\/www.koan-solution.de\/de\/wp-json\/wp\/v2\/pages"}],"about":[{"href":"https:\/\/www.koan-solution.de\/de\/wp-json\/wp\/v2\/types\/page"}],"author":[{"embeddable":true,"href":"https:\/\/www.koan-solution.de\/de\/wp-json\/wp\/v2\/users\/6"}],"replies":[{"embeddable":true,"href":"https:\/\/www.koan-solution.de\/de\/wp-json\/wp\/v2\/comments?post=188"}],"version-history":[{"count":13,"href":"https:\/\/www.koan-solution.de\/de\/wp-json\/wp\/v2\/pages\/188\/revisions"}],"predecessor-version":[{"id":939,"href":"https:\/\/www.koan-solution.de\/de\/wp-json\/wp\/v2\/pages\/188\/revisions\/939"}],"up":[{"embeddable":true,"href":"https:\/\/www.koan-solution.de\/de\/wp-json\/wp\/v2\/pages\/1449"}],"wp:attachment":[{"href":"https:\/\/www.koan-solution.de\/de\/wp-json\/wp\/v2\/media?parent=188"}],"curies":[{"name":"wp","href":"https:\/\/api.w.org\/{rel}","templated":true}]}}