{"id":158,"date":"2012-03-15T10:34:36","date_gmt":"2012-03-15T09:34:36","guid":{"rendered":"http:\/\/koan.72dpi.de.72dpi.de\/?page_id=158"},"modified":"2017-09-15T10:22:49","modified_gmt":"2017-09-15T08:22:49","slug":"referenzen","status":"publish","type":"page","link":"https:\/\/www.koan-solution.de\/de\/ueber-uns\/referenzen\/","title":{"rendered":"Referenzen"},"content":{"rendered":"<p>Zu unseren Kunden geh\u00f6ren unter anderem:<\/p>\n<ul>\n<li>Bayer AG<br \/>\nLeverkusen<br \/>\n<a title=\"Website der Bayer AG\" href=\"http:\/\/www.bayer.de\" target=\"_blank\" rel=\"noopener\">www.bayer.de<\/a><\/li>\n<li>Berger Holding GmbH &amp; Co. KG<br \/>\nMemmingen<a title=\"www.aberger.de\" href=\"http:\/\/www.aberger.de\/de\/berger-group\/\" target=\"_blank\" rel=\"noopener\"><br \/>\nwww.aberger.de<\/a><\/li>\n<li>Clariant SE<br \/>\nSulzbach am Taunus<br \/>\n<a title=\"www.clariant.de\" href=\"http:\/\/www.clariant.de\" target=\"_blank\" rel=\"noopener\">www.clariant.de<\/a><\/li>\n<li>EnBW Ostw\u00fcrttemberg DonauRies AG ODR<br \/>\nEllwangen<br \/>\n<a title=\"EnBW Ostw\u00fcrttemberg DonauRies Aktiengesellschaft\" href=\"http:\/\/www.odr.de\" target=\"_blank\" rel=\"noopener\">www.odr.de<\/a><\/li>\n<li>HOCHTIEF<br \/>\nEssen<br \/>\n<a title=\"www.hochtief.de\" href=\"http:\/\/www.hochtief.de\/hochtief\/1.jhtml\" target=\"_blank\" rel=\"noopener\">www.hochtief.de<\/a><\/li>\n<li>RheinEnergie AG<br \/>\nK\u00f6ln<br \/>\n<a title=\"RheinEnergie AG\" href=\"http:\/\/www.rheinenergie.com\" target=\"_blank\" rel=\"noopener\">www.rheinenergie.com<\/a><\/li>\n<li>St\u00e4dtische Werke AG Kassel<br \/>\nKassel<br \/>\n<a title=\"St\u00e4dtische Werke Aktiengesellschaft, Kassel\" href=\"http:\/\/www.stwks.de\" target=\"_blank\" rel=\"noopener\">www.stwks.de<\/a><\/li>\n<li>Stadtwerke Bonn GmbH<br \/>\nBonn<br \/>\n<a title=\"Stadtwerke Bonn GmbH\" href=\"http:\/\/www.stadtwerke-bonn.de\" target=\"_blank\" rel=\"noopener\">www.stadtwerke-bonn.de<\/a><\/li>\n<li>Syna GmbH, Tochterunternehmen der S\u00fcwag Energie AG<br \/>\nFrankfurt am Main<br \/>\n<a title=\"www.syna.de\" href=\"http:\/\/www.syna.de\/index.html\" target=\"_blank\" rel=\"noopener\">www.syna.de<\/a><\/li>\n<li>Vonovia SE<br \/>\nBochum<br \/>\n<a title=\"www.deutsche-annington.com\" href=\"http:\/\/www.deutsche-annington.com\" target=\"_blank\" rel=\"noopener\">www.vonovia.de<\/a><\/li>\n<li>WAZ Mediengruppe<br \/>\nEssen<br \/>\n<a title=\"www.waz-mediengruppe.de\" href=\"http:\/\/www.waz-mediengruppe.de\/\" target=\"_blank\" rel=\"noopener\">www.waz-mediengruppe.de<\/a><\/li>\n<li>WIBERG GmbH<br \/>\nSalzburg &#8211; \u00d6sterreich<br \/>\n<a title=\"Wiberg GmbH\" href=\"http:\/\/www.wiberg.at\" target=\"_blank\" rel=\"noopener\">www.wiberg.at<\/a><\/li>\n<\/ul>\n","protected":false},"excerpt":{"rendered":"<p>Zu unseren Kunden geh\u00f6ren unter anderem: Bayer AG Leverkusen www.bayer.de Berger Holding GmbH &amp; Co. KG Memmingen www.aberger.de Clariant SE Sulzbach am Taunus www.clariant.de EnBW Ostw\u00fcrttemberg DonauRies AG ODR Ellwangen www.odr.de HOCHTIEF Essen www.hochtief.de RheinEnergie AG K\u00f6ln www.rheinenergie.com St\u00e4dtische Werke AG Kassel Kassel www.stwks.de Stadtwerke Bonn GmbH Bonn www.stadtwerke-bonn.de Syna GmbH, Tochterunternehmen der S\u00fcwag Energie [&hellip;]<\/p>\n","protected":false},"author":6,"featured_media":0,"parent":1447,"menu_order":16,"comment_status":"open","ping_status":"open","template":"","meta":{"footnotes":""},"class_list":["post-158","page","type-page","status-publish","hentry"],"aioseo_notices":[],"_links":{"self":[{"href":"https:\/\/www.koan-solution.de\/de\/wp-json\/wp\/v2\/pages\/158","targetHints":{"allow":["GET"]}}],"collection":[{"href":"https:\/\/www.koan-solution.de\/de\/wp-json\/wp\/v2\/pages"}],"about":[{"href":"https:\/\/www.koan-solution.de\/de\/wp-json\/wp\/v2\/types\/page"}],"author":[{"embeddable":true,"href":"https:\/\/www.koan-solution.de\/de\/wp-json\/wp\/v2\/users\/6"}],"replies":[{"embeddable":true,"href":"https:\/\/www.koan-solution.de\/de\/wp-json\/wp\/v2\/comments?post=158"}],"version-history":[{"count":38,"href":"https:\/\/www.koan-solution.de\/de\/wp-json\/wp\/v2\/pages\/158\/revisions"}],"predecessor-version":[{"id":1641,"href":"https:\/\/www.koan-solution.de\/de\/wp-json\/wp\/v2\/pages\/158\/revisions\/1641"}],"up":[{"embeddable":true,"href":"https:\/\/www.koan-solution.de\/de\/wp-json\/wp\/v2\/pages\/1447"}],"wp:attachment":[{"href":"https:\/\/www.koan-solution.de\/de\/wp-json\/wp\/v2\/media?parent=158"}],"curies":[{"name":"wp","href":"https:\/\/api.w.org\/{rel}","templated":true}]}}