{"id":1447,"date":"2017-09-08T12:34:33","date_gmt":"2017-09-08T10:34:33","guid":{"rendered":"https:\/\/www.koan-solution.de\/de\/?page_id=1447"},"modified":"2017-09-11T13:03:49","modified_gmt":"2017-09-11T11:03:49","slug":"ueber-uns","status":"publish","type":"page","link":"https:\/\/www.koan-solution.de\/de\/ueber-uns\/","title":{"rendered":"\u00dcber uns"},"content":{"rendered":"<h3>Agile Software- und Formularentwicklung<\/h3>\n<p>Agile Softwareentwicklung ist seit geraumer Zeit in aller Munde. Auch wir bei koan nutzen bei unseren Projekten den agilen Ansatz zur Entwicklung, Wartung und Optimierung von Formularen.<\/p>\n<p>Der Grund hierf\u00fcr ist ganz einfach: F\u00fcr uns steht es stets im Vordergrund f\u00fcr unsere Kunden den gr\u00f6\u00dftm\u00f6glichen Mehrwert zu erzielen. Es hat sich gezeigt, dass sich durch die passende Anwendung von agilen Prozessen und Methoden einige Aspekte in der Formularentwicklung optimieren lassen. Hier die drei wichtigsten:<\/p>\n<ul>\n<li>Entwicklungslaufzeiten lassen sich signifikant verk\u00fcrzen und falls n\u00f6tig werden Anpassungen des Plans und\/oder der Vorgehenweise fr\u00fchzeitig vorgenommen.<\/li>\n<li>Das Projekt wird effizienter \u00fcberwacht und gesteuert.<\/li>\n<li>Die Kommunikation und Interaktion zwischen dem koan Team und dem Kundenteam wird klarer strukturiert.<\/li>\n<\/ul>\n<p>Anhand dieser Vorgehensweise und mit der langj\u00e4hrigen Kompetenz und Erfahrung des koan Teams gelingt es uns die Anforderungen unserer Kunden bestm\u00f6glich zu erfassen und umzusetzen.<\/p>\n<p>Sprechen Sie uns auch gerne an, falls mehr \u00fcber das Thema agile Software- und Formularentwicklung erfahren m\u00f6chten &#8211; gerne ber\u00e4t Sie unser Team auch zu dieser Fragestellung!<\/p>\n<h3>Branchen &amp; Technologien<\/h3>\n<h4>Koan Branchen Expertise<\/h4>\n<ul>\n<li>Ver- und Entsorgungsunternehmen (SAP ISU\/ISW)<\/li>\n<li>Banken \/ Versicherungen (SAP FI-CO)<\/li>\n<li>Immobilienverwaltung (SAP RE-FX)<\/li>\n<li>Lebensmittelindustrie (SAP ERP)<\/li>\n<li>Gro\u00dfhandel\/Logistik (SAP Retail)<\/li>\n<li>Chemie\/Pharma (SAP ERP)<\/li>\n<li>Automotive (SAP ERP)<\/li>\n<li>Maschinenbau\/Metallverarbeitung (SAP ERP)<\/li>\n<\/ul>\n<h4>Koan Technologien Expertise<\/h4>\n<ul>\n<li>SAP ERP, HCM, CRM &amp; IS-U Druck-Formulare\n<ul>\n<li>Erstellung, Pflege, Optimierung SAPscript, Smart Forms, Adobe Forms<\/li>\n<li>Migration zu Adobe Forms<\/li>\n<\/ul>\n<\/li>\n<li>Interaktive PDF-Formularszenarien mit SAP Interactive Forms by Adobe<\/li>\n<li>WebDynpro, Flash, HTML5 Webbasierte Userinterfaces f\u00fcr SAP<\/li>\n<li>Reengineering: ABAP\/ABAP-OO<\/li>\n<li>Adobe Live Cycle Designer Fragmentea<\/li>\n<\/ul>\n<h3><\/h3>\n<h3>Koan Company History:<\/h3>\n<ul>\n<li>2017 Zertifizierung des Koan Form Analyzer 2.0.1<\/li>\n<li>2012 Migrationstool SAPscript2SIFbA, auch f\u00fcr IS-U Formulare<\/li>\n<li>2008 erste Formulare mit SAP Interactive Forms bei Adobe<\/li>\n<li>2007 Umzug in die Schanzenstra\u00dfe<\/li>\n<li>2005 Partnerschaft mit Streamserve<\/li>\n<li>2004 Partnerschaft mit Adobe<\/li>\n<li>2002 erste SmartForms Formulare<\/li>\n<li>1998 erstes Projekt im IS-U Umfeld<\/li>\n<li>1997 Gr\u00fcndung<\/li>\n<\/ul>\n<p>&nbsp;<\/p>\n<h4>Zum Begriff \u201ekoan\u201c:<\/h4>\n<p>Koan ist ein Begriff aus dem japanischen Zen, welcher als ,R\u00e4tsel ohne logische L\u00f6sung\u2018 \u00fcbersetzt werden kann. Ein koan ist meist ein kurzer Dialog zwischen einem Zen-Lehrer und seinem Sch\u00fcler, der helfen soll, den Quantensprung vom begrenzten Denken zum umfassenden Verstehen zu vollziehen.<\/p>\n<p>Die L\u00f6sung eines koan kann nicht durch begrenztes Schlussfolgern erreicht werden, sondern nur durch ein Heraustreten aus den Einschr\u00e4nkungen des gewohnheitsm\u00e4\u00dfigen Denkens. F\u00fcr uns bedeutet koan ein immer neues Betrachten der zu l\u00f6senden Probleme aus einer weiteren kreativen Perspektive heraus und das Finden einer effizienten L\u00f6sung. Auf der Basis unserer langj\u00e4hrigen Erfahrung analysieren wir jedes Problem unvoreingenommen und versuchen neue L\u00f6sungsmuster anzuwenden.<\/p>\n<p>Konkret bedeutet das auch ein konsequentes Weiterentwickeln verwendeter Tools sowie die Integration der aktuellsten Softwaretechnologien.<\/p>\n<p>In diesem Sinne f\u00fchlen wir uns stets der Suche nach der optimalen L\u00f6sung verpflichtet.<\/p>\n<p>&nbsp;<\/p>\n<p>Siehe auch:<\/p>\n<p>https:\/\/de.wikipedia.org\/wiki\/Koan<\/p>\n","protected":false},"excerpt":{"rendered":"<p>Agile Software- und Formularentwicklung Agile Softwareentwicklung ist seit geraumer Zeit in aller Munde. Auch wir bei koan nutzen bei unseren Projekten den agilen Ansatz zur Entwicklung, Wartung und Optimierung von Formularen. Der Grund hierf\u00fcr ist ganz einfach: F\u00fcr uns steht es stets im Vordergrund f\u00fcr unsere Kunden den gr\u00f6\u00dftm\u00f6glichen Mehrwert zu erzielen. Es hat sich [&hellip;]<\/p>\n","protected":false},"author":10,"featured_media":0,"parent":0,"menu_order":0,"comment_status":"closed","ping_status":"closed","template":"","meta":{"footnotes":""},"class_list":["post-1447","page","type-page","status-publish","hentry"],"aioseo_notices":[],"_links":{"self":[{"href":"https:\/\/www.koan-solution.de\/de\/wp-json\/wp\/v2\/pages\/1447","targetHints":{"allow":["GET"]}}],"collection":[{"href":"https:\/\/www.koan-solution.de\/de\/wp-json\/wp\/v2\/pages"}],"about":[{"href":"https:\/\/www.koan-solution.de\/de\/wp-json\/wp\/v2\/types\/page"}],"author":[{"embeddable":true,"href":"https:\/\/www.koan-solution.de\/de\/wp-json\/wp\/v2\/users\/10"}],"replies":[{"embeddable":true,"href":"https:\/\/www.koan-solution.de\/de\/wp-json\/wp\/v2\/comments?post=1447"}],"version-history":[{"count":13,"href":"https:\/\/www.koan-solution.de\/de\/wp-json\/wp\/v2\/pages\/1447\/revisions"}],"predecessor-version":[{"id":1618,"href":"https:\/\/www.koan-solution.de\/de\/wp-json\/wp\/v2\/pages\/1447\/revisions\/1618"}],"wp:attachment":[{"href":"https:\/\/www.koan-solution.de\/de\/wp-json\/wp\/v2\/media?parent=1447"}],"curies":[{"name":"wp","href":"https:\/\/api.w.org\/{rel}","templated":true}]}}