{"id":1441,"date":"2017-09-08T12:25:33","date_gmt":"2017-09-08T10:25:33","guid":{"rendered":"https:\/\/www.koan-solution.de\/de\/?page_id=1441"},"modified":"2017-09-12T15:49:16","modified_gmt":"2017-09-12T13:49:16","slug":"services","status":"publish","type":"page","link":"https:\/\/www.koan-solution.de\/de\/services\/","title":{"rendered":"Services"},"content":{"rendered":"<h4>SAP Formularentwicklung<\/h4>\n<p>Wir entwickeln t\u00e4glich Formulare f\u00fcr unsere Kunden. Unabh\u00e4ngig vom konkreten Formular, der Formulartechnologie und Kunden gibt es Kernprozesse in die sich jedes Formularentwicklungsprojekt aufteilen l\u00e4sst:<\/p>\n<ol>\n<li>Analyse Standarddatenbeschaffung<\/li>\n<li>Zus\u00e4tzliche Datenbeschaffung<\/li>\n<li>Steuerung der Formularinhalte (Kopf-\/Fu\u00df-Texte, Logos, Anrede-\/Brieftext etc.)<\/li>\n<li>Gestaltung des Formulars (Layout)<\/li>\n<li>Steuerung der Formularausgabe und Einbindung des Outputs in SAP-Formularprozesse (z.B. Nachrichtensteuerung)<\/li>\n<\/ol>\n<p>Nachdem die zu verwendende Technologie und die fachlichen Anforderungen gekl\u00e4rt sind beginnen unsere Entwickler mit der Implementierung. Eines steht bei uns w\u00e4hrend des gesamten Entwicklungsprozesses im Vordergrund: Am Ende verwenden Sie das Formular! Konkret bedeutet das f\u00fcr uns folgendes:<\/p>\n<ul>\n<li>Wir entwickeln die Formulare so, dass sie leicht zu warten sind und Anpassungen \u00fcbersichtlich vorgenommen werden k\u00f6nnen.<\/li>\n<li>Wir entwickeln, wo m\u00f6glich wiederverwendbare Elemente, um den Aufwand f\u00fcr die n\u00e4chsten Umsetzungen zu reduzieren.<\/li>\n<li>Wir entwickeln in ABAP OO und bauen eine Datenbeschaffungs-Architektur, die klar strukturiert und effizient ist.<\/li>\n<li>Wir entwickeln, dokumentieren und sorgen f\u00fcr den n\u00f6tigen Know-How Transfer, damit die \u00dcbergabe des Formulars an Sie reibungslos funktioniert.<\/li>\n<\/ul>\n<p>Bei uns k\u00f6nnen Sie sicher gehen, dass wir aufgrund unserer hohen Spezialisierung und unserer langj\u00e4hrigen Expertise wissen wie wichtig auch Fach- und Prozesskenntnisse bei der Umsetzung von Formularentwicklungsprojekten sind. Der Etikettendruck eines Automotive-Zulieferers bringt ganz andere Herausforderungen mit sich als beispielsweise die Endkundenrechnung eines Energieversorgers. Das koan Team besteht aus erstklassigen Formularentwicklern mit umfangreichem Kenntnissen \u00fcber die Branchen und jeweilige SAP Module in denen wir seit zwanzig Jahren t\u00e4tig sind.<\/p>\n<p>Haben Sie Fragen zum Thema Formularentwicklung? Kontaktieren Sie uns einfach \u00fcber unser <a href=\"https:\/\/www.koan-solution.de\/de\/kontakt\/\">Kontaktformular<\/a> oder per E-Mail an <strong>info@koan-solution.de<\/strong> und lassen Sie uns dar\u00fcber sprechen wie wir Sie unterst\u00fctzen k\u00f6nnen.<\/p>\n<h4><\/h4>\n<h4>SAP Formularmigration<\/h4>\n<p>Viele Unternehmen besitzen eine \u00fcber viele Jahre gewachsene Formularlandschaft. SAPscript ist jedoch auch heute noch die mit Abstand am weitesten verbreitete Formulartechnologie. Dies ist einfach damit zu erkl\u00e4ren, dass SAPscript zum Zeitpunkt der Einf\u00fchrung der SAP ERP Systeme in den Unternehmen die einzige in SAP integrierte Formulartechnologie war.<\/p>\n<p>Obwohl diese Technologie inzwischen durch Smart Forms und zuletzt die Adobe Formulartechnoligie \u00fcberholt worden ist, sind eine sehr gro\u00dfe Zahl der Unternehmen noch nicht den Schritt hin zu Adobe Forms gegangen. Dabei gibt es eine ganze Reihe an wichtigen Argumenten, welche f\u00fcr eine Umstellung von SAPscript oder Smart Forms auf SAP Adobe Forms sprechen. In der unten gezeigten Grafik sehen Sie beispielsweise wie die initialen Investitionskosten f\u00fcr ein Migrationsprojekt sich nach kurzer Zeit durch reduzierte Wartungs- und Optimierungskosten ausgeglichen werden:<\/p>\n<p>&nbsp;<\/p>\n<p>Aber woran liegt es, dass Unternehmen sich vor einer Migration scheuen? Von unseren Kunden wissen wir, dass es neben dem Technologiewechsel und dem dazu erforderlichen neuen Know-how noch folgende Hauptbedenken in Zusammenhang mit einer Formularmigration von SAPscript zu SAP Interactive Forms by Adobe gibt:<\/p>\n<ul>\n<li>die Komplexit\u00e4t der Formularlogik mit allen von der Fachabteilung ben\u00f6tigten Fallunterscheidungen<\/li>\n<li>das \u201ehistorisch gewachsene\u201c Coding mit erheblichen Abweichungen vom SAP Standard<\/li>\n<li>die ge\u00e4nderte Art der Daten\u00fcbergabe, die bei SAP Adobe Forms wie schon bei Smart Forms nur zu einem Zeitpunkt nach Sammlung aller Daten erfolgt<\/li>\n<li>das Zusammenspiel von Customizing, Datenbeschaffung, Formularlogik, Formularlayout und Drucktechnik<\/li>\n<\/ul>\n<p>Um diese Herausforderungen zu stemmen bedarf es eines soliden Plans und eines erfahrenen Partners, der die Fallstricke kennt und weiss wie man sie umgeht.<strong><br \/>\n<\/strong><\/p>\n<p>Mit Hilfe unseres SAP Zertifizierten Tools <strong>Koan Form Analyzer 2.0.1<\/strong> analysieren wir professionell Ihre bestehenden Formulare und leiten aus den Ergebnissen fundierte Sch\u00e4tzungen f\u00fcr den Aufwand Ihres Migrationszieles ab.<\/p>\n<p>Von der Bestandsaufnahme, der Definition Ihrer Migrationsziele bis hin zum Know-how Transfer an Sie und ihr Team: Mit koan-solution haben Sie einen Partner an Ihrer Seite, der das gesamte Aufgabenspektrum abdeckt.<\/p>\n<p>Profitieren Sie von unserer Migrationserfahrung, unser Team freut sich auf die Zusammenarbeit mit Ihnen!<\/p>\n<p>&nbsp;<\/p>\n<h4>SAP Formularoptimierung &amp; -reengineering<\/h4>\n<p>SAP-Formulare werden viele Jahre lang eingesetzt. Und dabei immer wieder an die sich entwickelnden Anforderungen der Betriebsabl\u00e4ufe angepasst. Oder auch, zum Beispiel f\u00fcr eine neue Tochterfirma, kopiert und anschlie\u00dfend weiterentwickelt. Das geschieht nicht nur mit den SAPscript und SmartForms Formularen selber, sondern auch mit den dazugeh\u00f6rigen Druckprogrammen. Die so entstehenden \u201ehistorisch gewachsenen\u201c Strukturen k\u00f6nnen zu einem erheblichen Aufwand bei der weiteren Pflege f\u00fchren. Um sicherzustellen, dass neben den gew\u00fcnschten Erg\u00e4nzungen keine unerwarteten Effekte bei anderen Datenkonstellationen auftreten sind teilweise sind schon bei kleinen \u00c4nderungen umfangreiche Tests erforderlich.<\/p>\n<p>Bei der n\u00e4chsten Anforderung der Fachabteilung kann dann der Punkt erreicht sein, \u00fcber eine Optimierung oder auch ein vollst\u00e4ndiges Reengineering bestimmter Formulare \/ Formulargruppen nachzudenken.<\/p>\n<p>&nbsp;<\/p>\n<p class=\"size-medium wp-image-1071\"><img loading=\"lazy\" decoding=\"async\" class=\"wp-image-708 alignleft\" src=\"https:\/\/www.koan-solution.de\/de\/files\/2012\/06\/icon_workshop.png\" alt=\"Zahnrad-Icon\" width=\"45\" height=\"45\" \/><strong>Reengineering<\/strong><\/p>\n<div id=\"attachment_1071\" style=\"width: 310px\" class=\"wp-caption aligncenter\"><a href=\"https:\/\/www.koan-solution.de\/de\/files\/2012\/11\/ReengineeringND.png\"><img loading=\"lazy\" decoding=\"async\" aria-describedby=\"caption-attachment-1071\" class=\"size-medium wp-image-1071\" src=\"https:\/\/www.koan-solution.de\/de\/files\/2012\/11\/ReengineeringND-300x190.png\" alt=\"Grafik Erstellungsprozess eines SAP Druckformulars\" width=\"300\" height=\"190\" srcset=\"https:\/\/www.koan-solution.de\/de\/files\/2012\/11\/ReengineeringND-300x190.png 300w, https:\/\/www.koan-solution.de\/de\/files\/2012\/11\/ReengineeringND.png 962w\" sizes=\"auto, (max-width: 300px) 100vw, 300px\" \/><\/a><p id=\"caption-attachment-1071\" class=\"wp-caption-text\">Reeingineering der Formularerstellung:<br \/>vom Customizing bis zum Drucker<\/p><\/div>\n<p>Die heutigen und zu erwartenden Anforderungen neu erfassen, die Formularprozesse gr\u00fcndlich analysieren und sauber strukturiert neu gestalten. Vom Customizing \u00fcber die Datenbeschaffung bis zum Layout. Dabei auf den aktuellen SAP-Standard aufsetzen.<\/p>\n<p>Ein einmalig erh\u00f6hter Aufwand f\u00fcr eine k\u00fcnftig effektivere und kosteng\u00fcnstigere Formularwartung.<\/p>\n<div id=\"attachment_1587\" style=\"width: 310px\" class=\"wp-caption aligncenter\"><a href=\"https:\/\/www.koan-solution.de\/de\/files\/2017\/09\/Wartungsaufwand_minimieren.jpg\"><img loading=\"lazy\" decoding=\"async\" aria-describedby=\"caption-attachment-1587\" class=\"wp-image-1587 size-medium\" src=\"https:\/\/www.koan-solution.de\/de\/files\/2017\/09\/Wartungsaufwand_minimieren-300x180.jpg\" alt=\"\" width=\"300\" height=\"180\" srcset=\"https:\/\/www.koan-solution.de\/de\/files\/2017\/09\/Wartungsaufwand_minimieren-300x180.jpg 300w, https:\/\/www.koan-solution.de\/de\/files\/2017\/09\/Wartungsaufwand_minimieren-768x461.jpg 768w, https:\/\/www.koan-solution.de\/de\/files\/2017\/09\/Wartungsaufwand_minimieren-1024x615.jpg 1024w, https:\/\/www.koan-solution.de\/de\/files\/2017\/09\/Wartungsaufwand_minimieren.jpg 1440w\" sizes=\"auto, (max-width: 300px) 100vw, 300px\" \/><\/a><p id=\"caption-attachment-1587\" class=\"wp-caption-text\">Reeingineering der bestehenden SAP Formularlandschaft: Mit einmaligem Aufwand dauerhaft Wartungsaufw\u00e4nde reduzieren.<\/p><\/div>\n<h4><\/h4>\n<h4><\/h4>\n<h4>koan Forms Support<\/h4>\n<p>Lagern Sie die Wartung und Pflege ihrer Formulare an uns aus. Wir bieten Ihnen einen Wartungs- und Support-Service f\u00fcr Ihre Formulare an.<\/p>\n<h4>koan Forms Webinar<\/h4>\n<p>Regelm\u00e4\u00dfig bieten wir kostenlose Webinare zu aktuellen Themen im Umfeld SAP Formulare und Output Management an.<\/p>\n<h4>koan Forms Workshops<\/h4>\n<p>Wir bieten aktuell Workshops zu folgenden Themen an:<\/p>\n<ul>\n<li>Entwicklung von SAP Interactive Forms by Adobe Formularen und Einf\u00fchrung in den Adobe LiveCycle Designer<\/li>\n<li>Einf\u00fchrung in ABAP OO f\u00fcr die Formularentwicklung<\/li>\n<\/ul>\n<p>&nbsp;<\/p>\n<p>Verwenden Sie unser <a href=\"https:\/\/www.koan-solution.de\/de\/kontakt\/\">Kontaktformular<\/a> oder kontaktieren Sie uns telefonisch oder per E-Mail <strong>info@koan-solution.de<\/strong>, um Informationen zum Umfang und Nutzen unserer koan Services zu erhalten.<\/p>\n","protected":false},"excerpt":{"rendered":"<p>SAP Formularentwicklung Wir entwickeln t\u00e4glich Formulare f\u00fcr unsere Kunden. Unabh\u00e4ngig vom konkreten Formular, der Formulartechnologie und Kunden gibt es Kernprozesse in die sich jedes Formularentwicklungsprojekt aufteilen l\u00e4sst: Analyse Standarddatenbeschaffung Zus\u00e4tzliche Datenbeschaffung Steuerung der Formularinhalte (Kopf-\/Fu\u00df-Texte, Logos, Anrede-\/Brieftext etc.) Gestaltung des Formulars (Layout) Steuerung der Formularausgabe und Einbindung des Outputs in SAP-Formularprozesse (z.B. Nachrichtensteuerung) Nachdem die [&hellip;]<\/p>\n","protected":false},"author":10,"featured_media":0,"parent":0,"menu_order":0,"comment_status":"closed","ping_status":"closed","template":"","meta":{"footnotes":""},"class_list":["post-1441","page","type-page","status-publish","hentry"],"aioseo_notices":[],"_links":{"self":[{"href":"https:\/\/www.koan-solution.de\/de\/wp-json\/wp\/v2\/pages\/1441","targetHints":{"allow":["GET"]}}],"collection":[{"href":"https:\/\/www.koan-solution.de\/de\/wp-json\/wp\/v2\/pages"}],"about":[{"href":"https:\/\/www.koan-solution.de\/de\/wp-json\/wp\/v2\/types\/page"}],"author":[{"embeddable":true,"href":"https:\/\/www.koan-solution.de\/de\/wp-json\/wp\/v2\/users\/10"}],"replies":[{"embeddable":true,"href":"https:\/\/www.koan-solution.de\/de\/wp-json\/wp\/v2\/comments?post=1441"}],"version-history":[{"count":53,"href":"https:\/\/www.koan-solution.de\/de\/wp-json\/wp\/v2\/pages\/1441\/revisions"}],"predecessor-version":[{"id":1639,"href":"https:\/\/www.koan-solution.de\/de\/wp-json\/wp\/v2\/pages\/1441\/revisions\/1639"}],"wp:attachment":[{"href":"https:\/\/www.koan-solution.de\/de\/wp-json\/wp\/v2\/media?parent=1441"}],"curies":[{"name":"wp","href":"https:\/\/api.w.org\/{rel}","templated":true}]}}