{"id":1431,"date":"2017-09-08T12:32:55","date_gmt":"2017-09-08T10:32:55","guid":{"rendered":"https:\/\/www.koan-solution.de\/de\/?page_id=1431"},"modified":"2017-09-12T16:55:36","modified_gmt":"2017-09-12T14:55:36","slug":"loesungen","status":"publish","type":"page","link":"https:\/\/www.koan-solution.de\/de\/loesungen\/","title":{"rendered":"L\u00f6sungen"},"content":{"rendered":"<h3>koan Solutions &#8211; Unsere L\u00f6sungen f\u00fcr maximale Effizienz bei der Formularentwicklung und -optimierung<\/h3>\n<p>Bei uns wird das Rad nicht jedes mal neu erfunden! Mit Hilfe unserer koan Solutions analysieren wir Ihre aktuelle Formularlandschaft, entwickeln daraus einen ma\u00dfgeschneiderten Plan f\u00fcr das Reengineering und setzen diesen mittels modernsten, hochspezialiserten Tools um.<\/p>\n<h4>Koan Form Analyzer 2.0.1<\/h4>\n<p>Mit unserem <strong>zertifizierten SAP ABAP Add-On <a href=\"https:\/\/www.koan-solution.de\/de\/solutions\/koan-form-analyzer-2-0-1\/\">Koan Form Analyzer 2.0.1<\/a><\/strong> f\u00fchren wir automatisiert eine quantitative Erstanalyse ihrer Formulare durch und leiten daraus Aussagen bez\u00fcglich der Komplexit\u00e4t ihrer Formulare ab. Aus diesen Daten und Ihren Anforderungen aus Fach- und IT-Abteilung bestimmen wir den Aufwand f\u00fcr potentielle Optimierungs-\/Migrationsprojekte.<\/p>\n<h4>koan Class Generator<\/h4>\n<p>Unser koan Class Generator analysiert klassische ABAP Prozeduren und generiert daraus ABAP OO Klassen &#8211; und das vollautomatisch.<\/p>\n<h4>koan OMR Master<\/h4>\n<p>OMR-Markierungen werden auf Druckformulare aufgebracht, um eine Kuvertierungsmaschine zu steuern. Hierzu werden auf den Vorderseiten der Formulare mehrere codierte Linien aufgebracht, die vom Scanner der Kuvertierungsmaschine gelesen werden k\u00f6nnen.<br \/>\nSo k\u00f6nnen zusammen h\u00e4ngenden Dokumente gemeinsam in ein Kuvert gesteuert werden. Das Setzen der OMR-Markierungen wird im LCD per Scripting gesteuert. Es werden im Design der Masterseite alle OMR-Markierungen gesetzt, und die nicht ben\u00f6tigten werden per Scripting ausgeblendet.<\/p>\n<p>Nutzen Sie unser <a href=\"https:\/\/www.koan-solution.de\/de\/kontakt\/\">Kontaktformular<\/a> und erfahren Sie mehr \u00fcber unseren koan Solutions! Gerne sprechen wir mit Ihnen dar\u00fcber wie sie diese zur Optimierung Ihrer SAP Formularprozesse nutzen k\u00f6nnen.<\/p>\n","protected":false},"excerpt":{"rendered":"<p>koan Solutions &#8211; Unsere L\u00f6sungen f\u00fcr maximale Effizienz bei der Formularentwicklung und -optimierung Bei uns wird das Rad nicht jedes mal neu erfunden! Mit Hilfe unserer koan Solutions analysieren wir Ihre aktuelle Formularlandschaft, entwickeln daraus einen ma\u00dfgeschneiderten Plan f\u00fcr das Reengineering und setzen diesen mittels modernsten, hochspezialiserten Tools um. Koan Form Analyzer 2.0.1 Mit unserem [&hellip;]<\/p>\n","protected":false},"author":10,"featured_media":0,"parent":0,"menu_order":1,"comment_status":"closed","ping_status":"closed","template":"","meta":{"footnotes":""},"class_list":["post-1431","page","type-page","status-publish","hentry"],"aioseo_notices":[],"_links":{"self":[{"href":"https:\/\/www.koan-solution.de\/de\/wp-json\/wp\/v2\/pages\/1431","targetHints":{"allow":["GET"]}}],"collection":[{"href":"https:\/\/www.koan-solution.de\/de\/wp-json\/wp\/v2\/pages"}],"about":[{"href":"https:\/\/www.koan-solution.de\/de\/wp-json\/wp\/v2\/types\/page"}],"author":[{"embeddable":true,"href":"https:\/\/www.koan-solution.de\/de\/wp-json\/wp\/v2\/users\/10"}],"replies":[{"embeddable":true,"href":"https:\/\/www.koan-solution.de\/de\/wp-json\/wp\/v2\/comments?post=1431"}],"version-history":[{"count":16,"href":"https:\/\/www.koan-solution.de\/de\/wp-json\/wp\/v2\/pages\/1431\/revisions"}],"predecessor-version":[{"id":1640,"href":"https:\/\/www.koan-solution.de\/de\/wp-json\/wp\/v2\/pages\/1431\/revisions\/1640"}],"wp:attachment":[{"href":"https:\/\/www.koan-solution.de\/de\/wp-json\/wp\/v2\/media?parent=1431"}],"curies":[{"name":"wp","href":"https:\/\/api.w.org\/{rel}","templated":true}]}}