{"id":1141,"date":"2013-04-08T10:12:51","date_gmt":"2013-04-08T08:12:51","guid":{"rendered":"http:\/\/www.koan-solution.de\/de\/?page_id=1141"},"modified":"2017-09-12T15:11:46","modified_gmt":"2017-09-12T13:11:46","slug":"workshop-formularanalyse","status":"publish","type":"page","link":"https:\/\/www.koan-solution.de\/de\/workshop-formularanalyse\/","title":{"rendered":"Workshop Formularanalyse"},"content":{"rendered":"<p>In diesem Workshop erfassen Sie den IST-Zustand Ihrer Formularlandschaft und\u00a0 entdecken Ihr konkretes Einsparpotenzial.<\/p>\n<h4>Gewachsene Vielfalt &#8211; hoher Wartungsaufwand<\/h4>\n<p>Formulare und Druckprogramme m\u00fcssen im Laufe der Jahre immer wieder an aktuelle Anforderungen angepasst werden. Neue Varianten werden erforderlich. Der Umfang der Programme w\u00e4chst, die Formularprozesse werden komplexer und der der Aufwand f\u00fcr die Wartung steigt.<\/p>\n<h4>Optimierungspotenzial finden<\/h4>\n<p>Um Optimierungspotential aufzudecken ist zun\u00e4chst eine Bestandsaufnahme erforderlich. Zur Beurteilung von Komplexit\u00e4t und Struktur der Programme sind umfangreiche Auswertungen durchzuf\u00fchren. Im Workshop setzen wir f\u00fcr diese Aufgabe unser zertifiziertes SAP ABAP Add-On Tool <a href=\"https:\/\/www.koan-solution.de\/de\/solutions\/koan-form-analyzer-2-0-1\/\"><strong>Koan Form Analyzer 2.0.1<\/strong><\/a> ein. Damit ersparen Sie sich sehr viel Zeit im Vergleich zu einer manuellen Zusammenstellung aller Formular- und Druckprogramm-Merkmale.<\/p>\n<h4>Auswertung der Analyseergebnisse im Workshop<\/h4>\n<p>Die automatisch generierte Ergebnistabelle wird mit weiteren Merkmalen vervollst\u00e4ndigt:<\/p>\n<div id=\"attachment_1148\" style=\"width: 310px\" class=\"wp-caption alignright\"><a href=\"https:\/\/www.koan-solution.de\/de\/files\/2013\/04\/Screenshot_Masterliste2.jpg\"><img loading=\"lazy\" decoding=\"async\" aria-describedby=\"caption-attachment-1148\" class=\"size-medium wp-image-1148\" src=\"https:\/\/www.koan-solution.de\/de\/files\/2013\/04\/Screenshot_Masterliste2-300x93.jpg\" alt=\"Screenshot: ein kleiner Ausschnitt des Analyseergebnisses\" width=\"300\" height=\"93\" srcset=\"https:\/\/www.koan-solution.de\/de\/files\/2013\/04\/Screenshot_Masterliste2-300x93.jpg 300w, https:\/\/www.koan-solution.de\/de\/files\/2013\/04\/Screenshot_Masterliste2.jpg 800w\" sizes=\"auto, (max-width: 300px) 100vw, 300px\" \/><\/a><p id=\"caption-attachment-1148\" class=\"wp-caption-text\">Screenshot: ein kleiner Ausschnitt des Analyseergebnisses<\/p><\/div>\n<ul>\n<li>neue Anforderungen der Fachabteilung<\/li>\n<li>Ber\u00fccksichtigung externer Layoutsoftware<\/li>\n<li>spezielle Anforderungen f\u00fcr Fax, eMail, Archivierung, Portale, \u2026<\/li>\n<li>spezifische Anforderungen f\u00fcr Etikettendrucker, Anlagen, Poststra\u00dfe, \u2026<\/li>\n<\/ul>\n<p>Aus dem umfangreichen Datenmaterial werden \u00fcbersichtlich gruppierte Zusammenfassungen erstellt. So wird auf einen Blick ersichtlich, welche die besonders umfangreichen, komplexen und wenig strukturierten Programme sind, die das gr\u00f6\u00dfte Optimierungspotenzial bieten.<br \/>\nZu einer Auswahl dieser Optimierungskandidaten erfolgen Detailbetrachtungen zu Datenbeschaffung und Formularaufbau.<\/p>\n<div id=\"attachment_1353\" style=\"width: 310px\" class=\"wp-caption alignright\"><img loading=\"lazy\" decoding=\"async\" aria-describedby=\"caption-attachment-1353\" class=\"wp-image-1353 size-medium\" src=\"https:\/\/www.koan-solution.de\/de\/files\/2016\/12\/AB-Vergleich_SAP-Referenz-Kunde-300x173.jpg\" alt=\"Analyse der Auftragsbest\u00e4tigung: Kunde - Referenzkunde - SAP-Standard im Vergleich\" width=\"300\" height=\"173\" srcset=\"https:\/\/www.koan-solution.de\/de\/files\/2016\/12\/AB-Vergleich_SAP-Referenz-Kunde-300x173.jpg 300w, https:\/\/www.koan-solution.de\/de\/files\/2016\/12\/AB-Vergleich_SAP-Referenz-Kunde-768x443.jpg 768w, https:\/\/www.koan-solution.de\/de\/files\/2016\/12\/AB-Vergleich_SAP-Referenz-Kunde-1024x591.jpg 1024w, https:\/\/www.koan-solution.de\/de\/files\/2016\/12\/AB-Vergleich_SAP-Referenz-Kunde.jpg 1116w\" sizes=\"auto, (max-width: 300px) 100vw, 300px\" \/><p id=\"caption-attachment-1353\" class=\"wp-caption-text\">Analyse der Auftragsbest\u00e4tigung im Vergleich: Kunde &#8211; Referenzkunde &#8211; SAP-Standard<\/p><\/div>\n<h4>Detailanalyse<\/h4>\n<p>Am Beispiel einiger ausgew\u00e4hlter Formulare wird der gesamte Formularprozess detailliert untersucht.<\/p>\n<h4>Optimierungsoptionen<\/h4>\n<p>Auf Basis der Gesamt\u00fcbersicht und der im Einzelnen untersuchten Formulare werden m\u00f6gliche Optimierungsschritte und Wege zu einem Gesamtkonzept aufgezeigt.<\/p>\n<h4>Ergebnis<\/h4>\n<p>Am Ende des Workshops haben Sie einen umfassenden \u00dcberblick \u00fcber Ihre aktuelle SAP Formularlandschaft. Die Formulare mit hohen Pflegeaufwand sind identifiziert und konkrete Optimierungsoptionen mit den unterschiedlichen SAP Formulartechnologien erarbeitet.\u00a0 Damit steht die Grundlage f\u00fcr ein wartungsfreundliches Formularkonzept.<\/p>\n","protected":false},"excerpt":{"rendered":"<p>In diesem Workshop erfassen Sie den IST-Zustand Ihrer Formularlandschaft und\u00a0 entdecken Ihr konkretes Einsparpotenzial. Gewachsene Vielfalt &#8211; hoher Wartungsaufwand Formulare und Druckprogramme m\u00fcssen im Laufe der Jahre immer wieder an aktuelle Anforderungen angepasst werden. Neue Varianten werden erforderlich. Der Umfang der Programme w\u00e4chst, die Formularprozesse werden komplexer und der der Aufwand f\u00fcr die Wartung steigt. [&hellip;]<\/p>\n","protected":false},"author":6,"featured_media":0,"parent":0,"menu_order":0,"comment_status":"open","ping_status":"open","template":"","meta":{"footnotes":""},"class_list":["post-1141","page","type-page","status-publish","hentry"],"aioseo_notices":[],"_links":{"self":[{"href":"https:\/\/www.koan-solution.de\/de\/wp-json\/wp\/v2\/pages\/1141","targetHints":{"allow":["GET"]}}],"collection":[{"href":"https:\/\/www.koan-solution.de\/de\/wp-json\/wp\/v2\/pages"}],"about":[{"href":"https:\/\/www.koan-solution.de\/de\/wp-json\/wp\/v2\/types\/page"}],"author":[{"embeddable":true,"href":"https:\/\/www.koan-solution.de\/de\/wp-json\/wp\/v2\/users\/6"}],"replies":[{"embeddable":true,"href":"https:\/\/www.koan-solution.de\/de\/wp-json\/wp\/v2\/comments?post=1141"}],"version-history":[{"count":15,"href":"https:\/\/www.koan-solution.de\/de\/wp-json\/wp\/v2\/pages\/1141\/revisions"}],"predecessor-version":[{"id":1636,"href":"https:\/\/www.koan-solution.de\/de\/wp-json\/wp\/v2\/pages\/1141\/revisions\/1636"}],"wp:attachment":[{"href":"https:\/\/www.koan-solution.de\/de\/wp-json\/wp\/v2\/media?parent=1141"}],"curies":[{"name":"wp","href":"https:\/\/api.w.org\/{rel}","templated":true}]}}