{"id":1133,"date":"2013-04-08T10:30:09","date_gmt":"2013-04-08T08:30:09","guid":{"rendered":"http:\/\/www.koan-solution.de\/de\/?page_id=1133"},"modified":"2022-10-26T11:38:07","modified_gmt":"2022-10-26T09:38:07","slug":"koan-form-analyzer-2-0-1","status":"publish","type":"page","link":"https:\/\/www.koan-solution.de\/de\/loesungen\/koan-form-analyzer-2-0-1\/","title":{"rendered":"Koan Form Analyzer 2.0.1"},"content":{"rendered":"<p>Mit dem <strong>Koan Form Analyzer 2.0.1<\/strong> verschaffen Sie sich schnell einen umfassenden \u00dcberblick \u00fcber Ihre SAP Formularlandschaft.<\/p>\n<h4>Gewachsene Vielfalt &#8211; hoher Wartungsaufwand<\/h4>\n<p>Formulare und Druckprogramme m\u00fcssen im Laufe der Jahre immer wieder an aktuelle Anforderungen angepasst werden. Neue Varianten werden erforderlich, der Umfang und die Komplexit\u00e4t der Formularprozesse wachsen. Damit w\u00e4chst auch der Aufwand f\u00fcr die Wartung.<\/p>\n<h4>Optimierungspotenzial finden<\/h4>\n<p>Um Optimierungspotential aufzudecken ist zun\u00e4chst eine Bestandsaufnahme erforderlich. Formulare und Druckprogramme m\u00fcssen mit sehr viel Zeitaufwand erfasst und zur Beurteilung von Komplexit\u00e4t und Struktur aufw\u00e4ndig analysiert werden. Das Formularanalyse-Werkzeug\u00a0<strong>Koan Form Analyzer 2.0.1<\/strong> automatisiert diesen ersten Teil der Formular- und Druckprogramm-Evaluation und erspart Ihnen so die langwierige manuelle IST-Aufnahme:<\/p>\n<div id=\"attachment_1160\" style=\"width: 310px\" class=\"wp-caption alignright\"><a href=\"https:\/\/www.koan-solution.de\/de\/files\/2013\/04\/koan-Formularanalyse-Werkzeug.jpg\"><img loading=\"lazy\" decoding=\"async\" aria-describedby=\"caption-attachment-1160\" class=\"size-medium wp-image-1160\" src=\"https:\/\/www.koan-solution.de\/de\/files\/2013\/04\/koan-Formularanalyse-Werkzeug-300x187.jpg\" alt=\"Screenshot: koan Formularanalyse-Werkzeug\" width=\"300\" height=\"187\" srcset=\"https:\/\/www.koan-solution.de\/de\/files\/2013\/04\/koan-Formularanalyse-Werkzeug-300x187.jpg 300w, https:\/\/www.koan-solution.de\/de\/files\/2013\/04\/koan-Formularanalyse-Werkzeug.jpg 471w\" sizes=\"auto, (max-width: 300px) 100vw, 300px\" \/><\/a><p id=\"caption-attachment-1160\" class=\"wp-caption-text\">Screenshot: Koan Form Analyzer 2.0.1<\/p><\/div>\n<ul>\n<li>Erfassung aller Druckprogramme und Formulare<\/li>\n<li>Zuordnung der Kunden-Druckprogramme\/Formulare zum entsprechenden SAP-Standard<\/li>\n<li>Vergleich IST\/SAP-Standard (Release w\u00e4hlbar)<\/li>\n<li>Mehrfachauswahl f\u00fcr Druckprogramme\/Formulare<\/li>\n<li>H\u00e4ufigkeit der Formularverwendung im gew\u00e4hlten Zeitraum<\/li>\n<li>optional: automatischer Download der selektierten Programme und Formulare f\u00fcr weitere individuelle Analysen<\/li>\n<li>Analyse-Ergebnis: umfangreiche Tabelle mit bis zu 40 Merkmalen je Formular<\/li>\n<\/ul>\n<h4>Workshop Formularanalyse<\/h4>\n<p>Der Einsatz des koan Formularanalyse-Werkzeugs erfolgt im Rahmen unseres <a title=\"Workshop Formularanalyse\" href=\"https:\/\/www.koan-solution.de\/de\/services\/workshop-formularanalyse\/\" target=\"_blank\" rel=\"noopener\">Workshop Formularanalyse<\/a>.<\/p>\n<h4>Koan Form Analyzer 2.0.1 Demovideo<\/h4>\n<p><a href=\"https:\/\/www.youtube.com\/watch?v=aGiXVzJPgec\" target=\"_blank\" rel=\"noopener\"><img loading=\"lazy\" decoding=\"async\" class=\"alignnone wp-image-1841 size-large\" src=\"https:\/\/www.koan-solution.de\/de\/files\/2022\/10\/analyzer-link-to-youtube-1024x565.jpg\" alt=\"\" width=\"1024\" height=\"565\" srcset=\"https:\/\/www.koan-solution.de\/de\/files\/2022\/10\/analyzer-link-to-youtube-1024x565.jpg 1024w, https:\/\/www.koan-solution.de\/de\/files\/2022\/10\/analyzer-link-to-youtube-300x166.jpg 300w, https:\/\/www.koan-solution.de\/de\/files\/2022\/10\/analyzer-link-to-youtube-768x424.jpg 768w, https:\/\/www.koan-solution.de\/de\/files\/2022\/10\/analyzer-link-to-youtube.jpg 1200w\" sizes=\"auto, (max-width: 1024px) 100vw, 1024px\" \/><\/a><\/p>\n<p><a href=\"https:\/\/www.koan-solution.de\/de\/files\/2017\/09\/Koan_Form_Analyzer_2.0.1_EULA.pdf\">Koan Form Analyzer 2.0.1 Endnutzer-Lizenzvertrag<\/a><\/p>\n<p><span style=\"border-radius: 2px; text-indent: 20px; width: auto; padding: 0px 4px 0px 0px; text-align: center; font: bold 11px\/20px 'Helvetica Neue',Helvetica,sans-serif; color: #ffffff; background: #bd081c no-repeat scroll 3px 50% \/ 14px 14px; position: absolute; opacity: 1; z-index: 8675309; display: none; cursor: pointer; top: 505px; left: 281px;\">Merken<\/span><\/p>\n","protected":false},"excerpt":{"rendered":"<p>Mit dem Koan Form Analyzer 2.0.1 verschaffen Sie sich schnell einen umfassenden \u00dcberblick \u00fcber Ihre SAP Formularlandschaft. Gewachsene Vielfalt &#8211; hoher Wartungsaufwand Formulare und Druckprogramme m\u00fcssen im Laufe der Jahre immer wieder an aktuelle Anforderungen angepasst werden. Neue Varianten werden erforderlich, der Umfang und die Komplexit\u00e4t der Formularprozesse wachsen. Damit w\u00e4chst auch der Aufwand f\u00fcr [&hellip;]<\/p>\n","protected":false},"author":6,"featured_media":0,"parent":1431,"menu_order":0,"comment_status":"open","ping_status":"open","template":"","meta":{"footnotes":""},"class_list":["post-1133","page","type-page","status-publish","hentry"],"aioseo_notices":[],"_links":{"self":[{"href":"https:\/\/www.koan-solution.de\/de\/wp-json\/wp\/v2\/pages\/1133","targetHints":{"allow":["GET"]}}],"collection":[{"href":"https:\/\/www.koan-solution.de\/de\/wp-json\/wp\/v2\/pages"}],"about":[{"href":"https:\/\/www.koan-solution.de\/de\/wp-json\/wp\/v2\/types\/page"}],"author":[{"embeddable":true,"href":"https:\/\/www.koan-solution.de\/de\/wp-json\/wp\/v2\/users\/6"}],"replies":[{"embeddable":true,"href":"https:\/\/www.koan-solution.de\/de\/wp-json\/wp\/v2\/comments?post=1133"}],"version-history":[{"count":22,"href":"https:\/\/www.koan-solution.de\/de\/wp-json\/wp\/v2\/pages\/1133\/revisions"}],"predecessor-version":[{"id":1844,"href":"https:\/\/www.koan-solution.de\/de\/wp-json\/wp\/v2\/pages\/1133\/revisions\/1844"}],"up":[{"embeddable":true,"href":"https:\/\/www.koan-solution.de\/de\/wp-json\/wp\/v2\/pages\/1431"}],"wp:attachment":[{"href":"https:\/\/www.koan-solution.de\/de\/wp-json\/wp\/v2\/media?parent=1133"}],"curies":[{"name":"wp","href":"https:\/\/api.w.org\/{rel}","templated":true}]}}