{"id":104,"date":"2012-02-04T13:12:41","date_gmt":"2012-02-04T12:12:41","guid":{"rendered":"http:\/\/koan.72dpi.de.72dpi.de\/?page_id=104"},"modified":"2026-01-08T12:45:58","modified_gmt":"2026-01-08T11:45:58","slug":"impressum","status":"publish","type":"page","link":"https:\/\/www.koan-solution.de\/de\/kontakt\/impressum\/","title":{"rendered":"Impressum"},"content":{"rendered":"<p><strong>Anschrift:<\/strong><br \/>\nkoan-solution GmbH<br \/>\nBachemer Stra\u00dfe 91<br \/>\n50931 K\u00f6ln<br \/>\nTel: +49 (0)170 &#8211; 83 42 107<br \/>\n<a href=\"mailto:ykaras@koan-solution.de\">ykaras@koan-solution.de<\/a><\/p>\n<p><strong>Gesch\u00e4ftsf\u00fchrer:<\/strong><br \/>\nThomas Karas, Shiao-Yin Karas, Theodorus J. Mooij<\/p>\n<p><strong>Sitz:<\/strong> K\u00f6ln<\/p>\n<p><strong>Registergericht:<\/strong> K\u00f6ln, HRB 15770<\/p>\n<p><strong>Umsatzsteuer-ID<\/strong> <strong>gem\u00e4\u00df \u00a727 a Umsatzsteuergesetz:<\/strong>\u00a0 DE 157 639 527<\/p>\n<p><strong>Angaben zur Berufshaftpflichtversicherung<\/strong><\/p>\n<p>Name und Sitz des Versicherers:<br \/>\nHISCOX SA<br \/>\n80636 M\u00fcnchen<\/p>\n<p>Geltungsraum der Versicherung: weltweit<\/p>\n<p><strong>Verantwortlich f\u00fcr den Inhalt nach \u00a7 55 Abs. 2 RStV:<\/strong><br \/>\nThomas Karas, Bachemer Stra\u00dfe 91, 50931 K\u00f6ln<\/p>\n<p><strong>Quellenangaben f\u00fcr die verwendeten Bilder und Grafiken:<br \/>\n<\/strong><\/p>\n<ul>\n<li><a title=\"http:\/\/www.mattbrasier.com\" href=\"http:\/\/www.mattbrasier.com\" target=\"_blank\" rel=\"noopener noreferrer\">Matt Brasier<\/a><\/li>\n<li>eigene Fotos und Grafiken<\/li>\n<\/ul>\n<p><strong>Streitschlichtung<\/strong><br \/>\nWir sind nicht bereit oder verpflichtet, an Streitbeilegungsverfahren vor einer<br \/>\nVerbraucherschlichtungsstelle teilzunehmen.<\/p>\n<p><strong>Haftung f\u00fcr Inhalte<\/strong><br \/>\nDie Inhalte unserer Seiten wurden mit gr\u00f6\u00dfter Sorgfalt erstellt. F\u00fcr die Richtigkeit, Vollst\u00e4ndigkeit und Aktualit\u00e4t der Inhalte k\u00f6nnen wir jedoch keine Gew\u00e4hr \u00fcbernehmen. Als Diensteanbieter sind wir gem\u00e4\u00df \u00a7 7 Abs.1 TMG f\u00fcr eigene Inhalte auf diesen Seiten nach den allgemeinen Gesetzen verantwortlich. Nach \u00a7\u00a7 8 bis 10 TMG sind wir als Diensteanbieter jedoch nicht verpflichtet, \u00fcbermittelte oder gespeicherte fremde Informationen zu \u00fcberwachen oder nach Umst\u00e4nden zu forschen, die auf eine rechtswidrige T\u00e4tigkeit hinweisen. Verpflichtungen zur Entfernung oder Sperrung der Nutzung von Informationen nach den allgemeinen Gesetzen bleiben hiervon unber\u00fchrt. Eine diesbez\u00fcgliche Haftung ist jedoch erst ab dem Zeitpunkt der Kenntnis einer konkreten Rechtsverletzung m\u00f6glich. Bei Bekanntwerden von entsprechenden Rechtsverletzungen werden wir diese Inhalte umgehend entfernen.<\/p>\n<p><strong>Haftung f\u00fcr Links<\/strong><br \/>\nUnser Angebot enth\u00e4lt Links zu externen Webseiten Dritter, auf deren Inhalte wir keinen Einfluss haben. Deshalb k\u00f6nnen wir f\u00fcr diese fremden Inhalte auch keine Gew\u00e4hr \u00fcbernehmen. F\u00fcr die Inhalte der verlinkten Seiten ist stets der jeweilige Anbieter oder Betreiber der Seiten verantwortlich. Die verlinkten Seiten wurden zum Zeitpunkt der Verlinkung auf m\u00f6gliche Rechtsverst\u00f6\u00dfe \u00fcberpr\u00fcft. Rechtswidrige Inhalte waren zum Zeitpunkt der Verlinkung nicht erkennbar. Eine permanente inhaltliche Kontrolle der verlinkten Seiten ist jedoch ohne konkrete Anhaltspunkte einer Rechtsverletzung nicht zumutbar. Bei Bekanntwerden von Rechtsverletzungen werden wir derartige Links umgehend entfernen.<\/p>\n<p><strong>Urheberrecht<\/strong><br \/>\nDie durch die Seitenbetreiber erstellten Inhalte und Werke auf diesen Seiten unterliegen dem deutschen Urheberrecht. Die Vervielf\u00e4ltigung, Bearbeitung, Verbreitung und jede Art der Verwertung au\u00dferhalb der Grenzen des Urheberrechtes bed\u00fcrfen der schriftlichen Zustimmung des jeweiligen Autors bzw. Erstellers. Downloads und Kopien dieser Seite sind nur f\u00fcr den privaten, nicht kommerziellen Gebrauch gestattet. Soweit die Inhalte auf dieser Seite nicht vom Betreiber erstellt wurden, werden die Urheberrechte Dritter beachtet. Insbesondere werden Inhalte Dritter als solche gekennzeichnet. Sollten Sie trotzdem auf eine Urheberrechtsverletzung aufmerksam werden, bitten wir um einen entsprechenden Hinweis. Bei Bekanntwerden von Rechtsverletzungen werden wir derartige Inhalte umgehend entfernen.<\/p>\n<p><strong>Datenschutz<br \/>\n<\/strong>Die Nutzung unserer Webseite ist in der Regel ohne Angabe personenbezogener Daten m\u00f6glich. Soweit auf unseren Seiten personenbezogene Daten (beispielsweise Name, Anschrift oder eMail-Adressen) erhoben werden, erfolgt dies, soweit m\u00f6glich, stets auf freiwilliger Basis. Diese Daten werden ohne Ihre ausdr\u00fcckliche Zustimmung nicht an Dritte weitergegeben. Wir weisen darauf hin, dass die Daten\u00fcbertragung im Internet (z.B. bei der Kommunikation per E-Mail) Sicherheitsl\u00fccken aufweisen kann. Ein l\u00fcckenloser Schutz der Daten vor dem Zugriff durch Dritte ist nicht m\u00f6glich. Der Nutzung von im Rahmen der Impressumspflicht ver\u00f6ffentlichten Kontaktdaten durch Dritte zur \u00dcbersendung von nicht ausdr\u00fccklich angeforderter Werbung und Informationsmaterialien wird hiermit ausdr\u00fccklich widersprochen. Die Betreiber der Seiten behalten sich ausdr\u00fccklich rechtliche Schritte im Falle der unverlangten Zusendung von Werbeinformationen, etwa durch Spam-Mails, vor.<\/p>\n<p><strong>Einsatz von Google Analytics<\/strong><br \/>\nDiese Website benutzt Google Analytics, einen Webanalysedienst der Google Inc. (\u201eGoogle\u201c). Google Analytics verwendet sog. \u201eCookies\u201c, Textdateien, die auf Ihrem Computer gespeichert werden und die eine Analyse der Benutzung der Website durch Sie erm\u00f6glichen. Die durch den Cookie erzeugten Informationen \u00fcber Ihre Benutzung dieser Website werden in der Regel an einen Server von Google in den USA \u00fcbertragen und dort gespeichert. Im Falle der Aktivierung der IP-Anonymisierung auf dieser Webseite, wird Ihre IP-Adresse von Google jedoch innerhalb von Mitgliedstaaten der Europ\u00e4ischen Union oder in anderen Vertragsstaaten des Abkommens \u00fcber den Europ\u00e4ischen Wirtschaftsraum zuvor gek\u00fcrzt. Nur in Ausnahmef\u00e4llen wird die volle IP-Adresse an einen Server von Google in den USA \u00fcbertragen und dort gek\u00fcrzt. Im Auftrag des Betreibers dieser Website wird Google diese Informationen benutzen, um Ihre Nutzung der Website auszuwerten, um Reports \u00fcber die Websiteaktivit\u00e4ten zusammenzustellen und um weitere mit der Websitenutzung und der Internetnutzung verbundene Dienstleistungen gegen\u00fcber dem Websitebetreiber zu erbringen. Die im Rahmen von Google Analytics von Ihrem Browser \u00fcbermittelte IP-Adresse wird nicht mit anderen Daten von Google zusammengef\u00fchrt. Sie k\u00f6nnen die Speicherung der Cookies durch eine entsprechende Einstellung Ihrer Browser-Software verhindern; wir weisen Sie jedoch darauf hin, dass Sie in diesem Fall gegebenenfalls nicht s\u00e4mtliche Funktionen dieser Website vollumf\u00e4nglich werden nutzen k\u00f6nnen. Sie k\u00f6nnen dar\u00fcber hinaus die Erfassung der durch das Cookie erzeugten und auf Ihre Nutzung der Website bezogenen Daten (inkl. Ihrer IP-Adresse) an Google sowie die Verarbeitung dieser Daten durch Google verhindern, indem sie das unter dem folgenden Link verf\u00fcgbare Browser-Plugin herunterladen und installieren:<a href=\"http:\/\/tools.google.com\/dlpage\/gaoptout?hl=de\" target=\"_blank\" rel=\"noopener noreferrer\">http:\/\/tools.google.com\/dlpage\/gaoptout?hl=de<\/a>.<\/p>\n<p>Sie haben das Recht, auf Antrag unentgeltlich Auskunft zu erhalten \u00fcber die \u00fcber Sie gespeicherten personenbezogenen Daten. Zus\u00e4tzlich haben Sie das Recht auf Berichtigung unrichtiger Daten, Sperrung und L\u00f6schung. Ihre hiermit erhobenen personenbezogenen Daten werden nicht weitergegeben und f\u00fcr keine anderen Zwecke als die oben genannten verwendet.<\/p>\n<p>Dieses Impressum wurde teilweise erstellt mit <a title=\"e-recht24 Impressum-Generator\" href=\"http:\/\/www.e-recht24.de\/impressum-generator.html\" target=\"_blank\" rel=\"noopener noreferrer\">e-recht24.de\/impressum-generator<\/a><\/p>\n<h3>Datenschutzerkl\u00e4rung<\/h3>\n<p><a href=\"https:\/\/www.koan-solution.de\/de\/datenschutzerklaerung\/\">Zur Datenschutzerkl\u00e4rung<\/a><\/p>\n","protected":false},"excerpt":{"rendered":"<p>Anschrift: koan-solution GmbH Bachemer Stra\u00dfe 91 50931 K\u00f6ln Tel: +49 (0)170 &#8211; 83 42 107 ykaras@koan-solution.de Gesch\u00e4ftsf\u00fchrer: Thomas Karas, Shiao-Yin Karas, Theodorus J. Mooij Sitz: K\u00f6ln Registergericht: K\u00f6ln, HRB 15770 Umsatzsteuer-ID gem\u00e4\u00df \u00a727 a Umsatzsteuergesetz:\u00a0 DE 157 639 527 Angaben zur Berufshaftpflichtversicherung Name und Sitz des Versicherers: HISCOX SA 80636 M\u00fcnchen Geltungsraum der Versicherung: weltweit [&hellip;]<\/p>\n","protected":false},"author":3,"featured_media":0,"parent":13,"menu_order":1,"comment_status":"open","ping_status":"open","template":"","meta":{"footnotes":""},"class_list":["post-104","page","type-page","status-publish","hentry"],"aioseo_notices":[],"_links":{"self":[{"href":"https:\/\/www.koan-solution.de\/de\/wp-json\/wp\/v2\/pages\/104","targetHints":{"allow":["GET"]}}],"collection":[{"href":"https:\/\/www.koan-solution.de\/de\/wp-json\/wp\/v2\/pages"}],"about":[{"href":"https:\/\/www.koan-solution.de\/de\/wp-json\/wp\/v2\/types\/page"}],"author":[{"embeddable":true,"href":"https:\/\/www.koan-solution.de\/de\/wp-json\/wp\/v2\/users\/3"}],"replies":[{"embeddable":true,"href":"https:\/\/www.koan-solution.de\/de\/wp-json\/wp\/v2\/comments?post=104"}],"version-history":[{"count":28,"href":"https:\/\/www.koan-solution.de\/de\/wp-json\/wp\/v2\/pages\/104\/revisions"}],"predecessor-version":[{"id":1860,"href":"https:\/\/www.koan-solution.de\/de\/wp-json\/wp\/v2\/pages\/104\/revisions\/1860"}],"up":[{"embeddable":true,"href":"https:\/\/www.koan-solution.de\/de\/wp-json\/wp\/v2\/pages\/13"}],"wp:attachment":[{"href":"https:\/\/www.koan-solution.de\/de\/wp-json\/wp\/v2\/media?parent=104"}],"curies":[{"name":"wp","href":"https:\/\/api.w.org\/{rel}","templated":true}]}}